{"id":129,"date":"2024-03-12T11:51:02","date_gmt":"2024-03-12T10:51:02","guid":{"rendered":"https:\/\/sp4thk.elfro.pl\/?page_id=129"},"modified":"2024-03-21T05:37:32","modified_gmt":"2024-03-21T04:37:32","slug":"podstawowe-funkcje","status":"publish","type":"page","link":"https:\/\/sp4thk.elfro.pl\/index.php\/rig\/podstawowe-funkcje\/","title":{"rendered":"Podstawowe funkcje"},"content":{"rendered":"\n<figure class=\"wp-block-image size-full\"><img loading=\"lazy\" decoding=\"async\" width=\"666\" height=\"237\" src=\"https:\/\/sp4thk.elfro.pl\/wp-content\/uploads\/2024\/03\/RigAndLog.png\" alt=\"\" class=\"wp-image-6\" srcset=\"https:\/\/sp4thk.elfro.pl\/wp-content\/uploads\/2024\/03\/RigAndLog.png 666w, https:\/\/sp4thk.elfro.pl\/wp-content\/uploads\/2024\/03\/RigAndLog-300x107.png 300w\" sizes=\"auto, (max-width: 666px) 100vw, 666px\" \/><\/figure>\n\n\n\n<p>Pierwszym klawiszem jest przycisk <strong>BAND<\/strong> za\u015b w trybie dla niewidomych jest to wspomniany wcze\u015bniej przycisk z informacj\u0105 o cz\u0119stotliwo\u015bci dla niewidomych a <strong>BAND<\/strong> jest drugi . Skr\u00f3t <strong>CTRL \u2013 B<\/strong>.<\/p>\n\n\n\n<p>Po klikni\u0119ciu pojawia si\u0119 okno z przyciskami z wyborem opcji. S\u0105 to ponumerowane klawisze w zale\u017cno\u015bci od opcji i ich ilo\u015bci cyframi lub cyframi i literami.<\/p>\n\n\n\n<p>Kolejna opcja to <strong>MODE<\/strong> skr\u00f3t \u2013  <strong>CTRL\u2013M<\/strong> \u2013 tu mo\u017cna wybra\u0107 pomi\u0119dzy modulacjami CW, SSB, AM, FM i DIGI. Styl okna wyboru opcji jest wg tych samych zasad jak w opcji BAND. I wygl\u0105da nast\u0119puj\u0105co: <\/p>\n\n\n<div class=\"wp-block-image\">\n<figure class=\"aligncenter size-full\"><img loading=\"lazy\" decoding=\"async\" width=\"373\" height=\"468\" src=\"https:\/\/sp4thk.elfro.pl\/wp-content\/uploads\/2024\/03\/mode.png\" alt=\"\" class=\"wp-image-136\" srcset=\"https:\/\/sp4thk.elfro.pl\/wp-content\/uploads\/2024\/03\/mode.png 373w, https:\/\/sp4thk.elfro.pl\/wp-content\/uploads\/2024\/03\/mode-239x300.png 239w\" sizes=\"auto, (max-width: 373px) 100vw, 373px\" \/><\/figure>\n<\/div>\n\n\n<p>W oknach tego typu opcje wybiera si\u0119 klikaj\u0105c w przycisk lub wybieraj\u0105c odpowiedni klawisz 1,2,3\u2026. lub gdy jest wi\u0119cej opcji tak\u017ce litery A,B,C\u2026.<\/p>\n\n\n\n<p>Kolejne dwa Przyciski to wyb\u00f3r pomi\u0119dzy VFO A i VFO B Po prostu w nie klikamy. W opcji dla niewidomych zamieniaj\u0105 si\u0119 one w jeden przycisk Select VFO. Skr\u00f3t <strong>CTRL &#8211; V<\/strong>. Po wybraniu s\u0105 do wyboru dwie opcje<\/p>\n\n\n\n<p>A) VFO A<\/p>\n\n\n\n<p>B) VFO B<\/p>\n\n\n\n<p>Dzi\u0119ki temu powstaje fajny zestaw skr\u00f3t\u00f3w<strong> CTRL &#8211; V A<\/strong> wybiera VFO A podobnie z B<\/p>\n\n\n\n<hr class=\"wp-block-separator has-alpha-channel-opacity\"\/>\n\n\n\n<p>Kolejny przycisk to <em><strong>Wybierz cz\u0119st.<\/strong><\/em> Po jego klikni\u0119ciu pojawi sie okno:<\/p>\n\n\n<div class=\"wp-block-image\">\n<figure class=\"aligncenter size-full\"><img loading=\"lazy\" decoding=\"async\" width=\"786\" height=\"311\" src=\"https:\/\/sp4thk.elfro.pl\/wp-content\/uploads\/2024\/03\/freq.png\" alt=\"\" class=\"wp-image-137\" srcset=\"https:\/\/sp4thk.elfro.pl\/wp-content\/uploads\/2024\/03\/freq.png 786w, https:\/\/sp4thk.elfro.pl\/wp-content\/uploads\/2024\/03\/freq-300x119.png 300w, https:\/\/sp4thk.elfro.pl\/wp-content\/uploads\/2024\/03\/freq-768x304.png 768w\" sizes=\"auto, (max-width: 786px) 100vw, 786px\" \/><\/figure>\n<\/div>\n\n\n<p>Okno wprowadzania cz\u0119stotliwo\u015bci pojawia si\u0119 w wielu miejscach. Wsz\u0119dzie tam gdzie mo\u017cna wprowadzi\u0107 cz\u0119stotliwo\u015b\u0107. Np. w zaawansowanym sterowaniu TRX przy konfiguracji r\u00f3\u017cnych filtr\u00f3w.<\/p>\n\n\n\n<p>Cz\u0119stotliwo\u015b\u0107 mo\u017cna wprowadza\u0107 w Hz, kHz lub MHz klikaj\u0105c myszk\u0105 w pole wyboru , lub u\u017cywaj\u0105c skr\u00f3tu klawiszowego:<\/p>\n\n\n\n<p><strong>CTRL <\/strong><strong>\u2013 <\/strong><strong>1<\/strong> lub <strong>CTRL \u2013 H<\/strong> dla Hz<\/p>\n\n\n\n<p><strong>CTRL <\/strong><strong>\u2013 <\/strong><strong>2<\/strong> lub <strong>CTRL \u2013 K<\/strong> dla kHz<\/p>\n\n\n\n<p><strong>CTRL <\/strong><strong>\u2013 <\/strong><strong>3<\/strong> lub <strong>CTRL \u2013 M<\/strong> dla MHz<\/p>\n\n\n\n<p>Domy\u015blnie s\u0105 to kHz lecz program zapami\u0119ta ten wyb\u00f3r. Czasem okno wyboru cz\u0119stotliwo\u015bci jest bez opcji zmiany z Hz na kHz itd. dzieje si\u0119 tak np. w filtrach gdzie cz\u0119stotliwo\u015b\u0107 jest tylko w Hz. Przyk\u0142adowo od 0 do 3000 Hz.<\/p>\n\n\n\n<p>klawisz <strong>F2<\/strong> \u2013 na pocz\u0105tek tj. powoduje ustawienie bie\u017c\u0105cej kontrolki na polu tekstowym do wprowadzania cz\u0119stotliwo\u015bci<\/p>\n\n\n\n<p><strong>CTRL \u2013 D<\/strong><strong>EL<\/strong>\u2013 kasuje warto\u015b\u0107 cz\u0119stotliwo\u015bci<\/p>\n\n\n\n<p><strong>ENTER <\/strong>\u2013 Akceptacja<\/p>\n\n\n\n<p><strong>ESC<\/strong> \u2013 Anulowanie<\/p>\n\n\n\n<p>Wprowadzona cz\u0119stotliwo\u015b\u0107 musi by\u0107 liczb\u0105 i by\u0107 wi\u0119ksza od 0. Wyj\u0105tkiem s\u0105 przypadki filtr\u00f3w gdy cz\u0119stotliwo\u015b\u0107 np. Shift mo\u017ce by\u0107 ujemna. Je\u017celi z liczb\u0105 jest co\u015b nie tak wy\u015bwietlony zostanie napis a w trybie dla niewidomych b\u0119dzie dodatkowy d\u017awi\u0119k beep oraz zaznaczone zostanie pole tekstowe.<\/p>\n\n\n\n<hr class=\"wp-block-separator has-alpha-channel-opacity\"\/>\n\n\n\n<p>Przycisk <strong>Split<\/strong><\/p>\n\n\n\n<p><strong>CTRL-S<\/strong> czyli praca z przesuni\u0119ciem cz\u0119stotliwo\u015bci. Jest wiele rodzaj\u00f3w pracy z przesuni\u0119ciem cz\u0119stotliwo\u015bci np. Split, RIT,XIT r\u00f3\u017cni\u0105 si\u0119 one zasad\u0105 i zakresem dzia\u0142ania, jednak efekt ko\u0144cowy jest ten sam nadawanie jest na innej cz\u0119stotliwo\u015bci ni\u017c odbi\u00f3r. Podczas pr\u00f3b i test\u00f3w zauwa\u017cy\u0142em, \u017ce funkcje te zaimplementowane w Omnirig dzia\u0142aj\u0105 co najmniej r\u00f3\u017cnie. Wobec czego postanowi\u0142em wykona\u0107 wszystkie opcje w jednej.<\/p>\n\n\n\n<p>Split zawsze ustawia VFO A na odbi\u00f3r i VFO B na nadawanie.<\/p>\n\n\n\n<p>Jest tu kilka opcji:<\/p>\n\n\n\n<ol class=\"wp-block-list\" start=\"0\">\n<li><strong>Split OFF<\/strong><\/li>\n\n\n\n<li><strong>Split Mannualy<\/strong><\/li>\n\n\n\n<li><strong>Split +\/-5kHz progr.<\/strong><\/li>\n\n\n\n<li><strong>Split +\/-10kHz prog.<\/strong><\/li>\n\n\n\n<li><strong>Split &#8211; select offset<\/strong><\/li>\n<\/ol>\n\n\n\n<p>W trybie manualnym ka\u017cd\u0105 cz\u0119stotliwo\u015b\u0107 ustawia si\u0119 wtedy oddzielnie prze\u0142\u0105czaj\u0105c si\u0119 pomi\u0119dzy VFO A i B.<\/p>\n\n\n\n<p>Mo\u017cna ustawi\u0107 szybko zdefiniowane Splity o +\/- 5 lub 10 kHz lub wybra\u0107 w\u0142asn\u0105 warto\u015b\u0107 cz\u0119stotliwo\u015bci. Ze wzgl\u0119du na r\u00f3\u017cne dzia\u0142anie opcji z r\u00f3\u017cnymi radiami split realizowany jest programowo. Zmiana w programie cz\u0119stotliwo\u015bci VFO A powoduje zapisanie takiej samej zmiany w VFO B. Ale zmiana cz\u0119stotliwo\u015bci r\u0119cznie na transceiverze nie zachowa parametr\u00f3w splitu. Dla zachowania przesuni\u0119cia wymagana jest regulacja cz\u0119stotliwo\u015bci tylko w programie.<\/p>\n\n\n\n<hr class=\"wp-block-separator has-alpha-channel-opacity\"\/>\n\n\n\n<p>Przycisk <strong>MEM<\/strong><\/p>\n\n\n\n<p>po jego przyci\u015bni\u0119ciu pojawia si\u0119 okienko z przyciskami zapami\u0119tanych cz\u0119stotliwo\u015bci:<\/p>\n\n\n<div class=\"wp-block-image\">\n<figure class=\"aligncenter size-full\"><img loading=\"lazy\" decoding=\"async\" width=\"661\" height=\"207\" src=\"https:\/\/sp4thk.elfro.pl\/wp-content\/uploads\/2024\/03\/mem.png\" alt=\"\" class=\"wp-image-139\" srcset=\"https:\/\/sp4thk.elfro.pl\/wp-content\/uploads\/2024\/03\/mem.png 661w, https:\/\/sp4thk.elfro.pl\/wp-content\/uploads\/2024\/03\/mem-300x94.png 300w\" sizes=\"auto, (max-width: 661px) 100vw, 661px\" \/><\/figure>\n<\/div>\n\n\n<p>Jest 10 bank\u00f3w pami\u0119ci. Klasycznie bank mo\u017cna wybra\u0107 klawiszami od 1 do 0 gdzie 0 to 10 bank. Aby zapisa\u0107 cz\u0119stotliwo\u015b\u0107 nale\u017cy klikn\u0105\u0107 na d\u0142u\u017cej w wybrany bank pami\u0119ci.<\/p>\n\n\n\n<p>Skr\u00f3ty :<\/p>\n\n\n\n<ul class=\"wp-block-list\">\n<li><strong>CTRL SPACJA<\/strong> lub <strong>CTRL ENTER<\/strong>: zapis w aktywnym banku pami\u0119ci.<\/li>\n\n\n\n<li><strong>CTRL C<\/strong> lub <strong>CTRL D:<\/strong> usuni\u0119cie danych z aktywnego banku pami\u0119ci.<\/li>\n\n\n\n<li><strong>ESC<\/strong> \u2013 zamkniecie okna.<\/li>\n<\/ul>\n\n\n\n<hr class=\"wp-block-separator has-alpha-channel-opacity\"\/>\n\n\n\n<p>Kolejne przyciski okna g\u0142\u00f3wnego nie s\u0105 widoczne w trybie dla niewidomych jednak\u017ce ich skr\u00f3ty klawiszowe dzia\u0142aj\u0105 udost\u0119pniaj\u0105c opcje.<\/p>\n\n\n\n<p>Przyciski 000 i 500 &#8211; wyr\u00f3wnuj\u0105 cz\u0119stotliwo\u015b\u0107 po przecinku 000- do r\u00f3wnych kHz 500- do X,5kHz<\/p>\n\n\n\n<p>Przycisk TX \u2013 w\u0142\u0105cza nadawanie<\/p>\n\n\n\n<p>w <em>Menu -&gt;Ustawienia interfejsu<\/em> mo\u017cemy wybra\u0107 spos\u00f3b dzia\u0142ania przycisku TX<\/p>\n\n\n\n<p>Nadawanie podczas przyci\u015bni\u0119cia i ko\u0144czenie nadawania przy puszczeniu. Zaznaczamy wtedy opcj\u0119 <em>Przycisk TX-&gt; TX tylko gdy naci\u015bni\u0119ty<\/em><\/p>\n\n\n\n<p>lub jedno przyci\u015bniecie w\u0142\u0105cza nadawanie a drugie wy\u0142\u0105cza.<\/p>\n\n\n\n<p>Je\u017celi nadawanie b\u0119dzie zbyt d\u0142ugie &#8211; powy\u017cej 5 minut program je automatycznie wy\u0142\u0105czy.<\/p>\n\n\n\n<p>Nadawanie mo\u017cna tez w\u0142\u0105czy\u0107 z klawiatury po zaznaczeniu opcji <em>Menu->Ustawienia interfejsu<\/em>-><em>Konfiguruj skr\u00f3t klawiszowy do w\u0142\u0105czania TX<\/em><\/p>\n\n\n\n<p>Pojawi si\u0119 okienko z ustawieniami skr\u00f3tu klawiatury:<\/p>\n\n\n<div class=\"wp-block-image\">\n<figure class=\"aligncenter size-full\"><img loading=\"lazy\" decoding=\"async\" width=\"571\" height=\"606\" src=\"https:\/\/sp4thk.elfro.pl\/wp-content\/uploads\/2024\/03\/keyboard.png\" alt=\"\" class=\"wp-image-140\" srcset=\"https:\/\/sp4thk.elfro.pl\/wp-content\/uploads\/2024\/03\/keyboard.png 571w, https:\/\/sp4thk.elfro.pl\/wp-content\/uploads\/2024\/03\/keyboard-283x300.png 283w\" sizes=\"auto, (max-width: 571px) 100vw, 571px\" \/><\/figure>\n<\/div>\n\n\n<p>Wszystkie opcje s\u0105 proste i jasne. Gdy w\u0142\u0105czony jest globalny Hook  niezale\u017cnie jaki program jest aktywny skr\u00f3t klawiszowy b\u0119dzie dzia\u0142a\u0142. <\/p>\n\n\n\n<p>Gdy w tym trybie b\u0119dzie w\u0142\u0105czone nadawanie  oraz zaznaczona b\u0119dzie opcja Kolejne naci\u015bni\u0119cia prze\u0142\u0105czaj\u0105 TX\/RX pojawi si\u0119 okno w g\u00f3rnym prawym rogu:<\/p>\n\n\n<div class=\"wp-block-image\">\n<figure class=\"aligncenter size-full\"><img loading=\"lazy\" decoding=\"async\" width=\"166\" height=\"95\" src=\"https:\/\/sp4thk.elfro.pl\/wp-content\/uploads\/2024\/03\/tx.png\" alt=\"\" class=\"wp-image-142\"\/><\/figure>\n<\/div>\n\n\n<p>Informuje ono o w\u0142\u0105czonym nadawaniu pomimo, \u017ce program g\u0142\u00f3wny jest zminimalizowany i mog\u0142o by to umkn\u0105\u0107 naszej uwadze.<\/p>\n\n\n\n<p>Nadawanie z klawiatury jest w\u0142\u0105czone automatycznie w opcji dla niewidomych<\/p>\n\n\n\n<div style=\"float:left\">\n<p style=\"vertical-align:middle; text-align:left\"> \n<a href=\"https:\/\/sp4thk.elfro.pl\/index.php\/rig\/\" style=\"vertical-align:middle\"><img decoding=\"async\" style=\"display:inline-block; vertical-align:middle\" src=\"https:\/\/sp4thk.elfro.pl\/wp-content\/uploads\/2024\/03\/Very_Small_Arrow_Right.png\"><\/a> &nbsp; \n<a href=\"https:\/\/sp4thk.elfro.pl\/index.php\/rig\/\" style=\"vertical-align:middle\">Rig<\/a>\n<\/p><\/div>\n\n<div style=\"float:right\">\n<p style=\"vertical-align:middle; text-align:right\"> \n<a href=\"https:\/\/sp4thk.elfro.pl\/index.php\/rig\/funkcje-zaawansowane\/\" style=\"vertical-align:middle\">Funkcje zaawansowane<\/a> &nbsp; \n<a href=\"https:\/\/sp4thk.elfro.pl\/index.php\/rig\/funkcje-zaawansowane\/\" style=\"vertical-align:middle\">\n<img decoding=\"async\" style=\"display:inline-block; vertical-align:middle\" src=\"https:\/\/sp4thk.elfro.pl\/wp-content\/uploads\/2024\/03\/Very_Small_Arrow_left.png\"><\/a> <\/p><\/div>\n\n<div style=\"clear:both\"><\/div>\n","protected":false},"excerpt":{"rendered":"<p>Pierwszym klawiszem jest przycisk BAND za\u015b w trybie dla niewidomych jest to wspomniany wcze\u015bniej przycisk z informacj\u0105 o cz\u0119stotliwo\u015bci dla niewidomych a BAND jest drugi . Skr\u00f3t CTRL \u2013 B. Po klikni\u0119ciu pojawia si\u0119 okno z przyciskami z wyborem opcji. S\u0105 to ponumerowane klawisze w zale\u017cno\u015bci od opcji i ich ilo\u015bci cyframi lub cyframi i [&hellip;]<\/p>\n","protected":false},"author":1,"featured_media":0,"parent":52,"menu_order":0,"comment_status":"closed","ping_status":"closed","template":"","meta":{"footnotes":""},"class_list":["post-129","page","type-page","status-publish","hentry"],"_links":{"self":[{"href":"https:\/\/sp4thk.elfro.pl\/index.php\/wp-json\/wp\/v2\/pages\/129","targetHints":{"allow":["GET"]}}],"collection":[{"href":"https:\/\/sp4thk.elfro.pl\/index.php\/wp-json\/wp\/v2\/pages"}],"about":[{"href":"https:\/\/sp4thk.elfro.pl\/index.php\/wp-json\/wp\/v2\/types\/page"}],"author":[{"embeddable":true,"href":"https:\/\/sp4thk.elfro.pl\/index.php\/wp-json\/wp\/v2\/users\/1"}],"replies":[{"embeddable":true,"href":"https:\/\/sp4thk.elfro.pl\/index.php\/wp-json\/wp\/v2\/comments?post=129"}],"version-history":[{"count":13,"href":"https:\/\/sp4thk.elfro.pl\/index.php\/wp-json\/wp\/v2\/pages\/129\/revisions"}],"predecessor-version":[{"id":600,"href":"https:\/\/sp4thk.elfro.pl\/index.php\/wp-json\/wp\/v2\/pages\/129\/revisions\/600"}],"up":[{"embeddable":true,"href":"https:\/\/sp4thk.elfro.pl\/index.php\/wp-json\/wp\/v2\/pages\/52"}],"wp:attachment":[{"href":"https:\/\/sp4thk.elfro.pl\/index.php\/wp-json\/wp\/v2\/media?parent=129"}],"curies":[{"name":"wp","href":"https:\/\/api.w.org\/{rel}","templated":true}]}}