{"id":1471,"date":"2025-11-07T17:04:49","date_gmt":"2025-11-07T16:04:49","guid":{"rendered":"https:\/\/sp4thk.elfro.pl\/?page_id=1471"},"modified":"2026-01-03T19:02:45","modified_gmt":"2026-01-03T18:02:45","slug":"zawody","status":"publish","type":"page","link":"https:\/\/sp4thk.elfro.pl\/index.php\/logbook\/zawody\/","title":{"rendered":"Zawody (contests)"},"content":{"rendered":"\n<p class=\"has-medium-font-size\">\ud83c\udfc6\ud83d\udcfb\ud83c\udfaf <strong>Zawody (contests)<\/strong><\/p>\n\n\n\n<p>Zawody s\u0105 specjalnym trybem programu jak sama nazwa wskazuje do obs\u0142ugi zawod\u00f3w. \ud83d\ude09 <\/p>\n\n\n\n<p>Program obs\u0142uguje wiele LogBook\u00f3w jednak jest jeszcze jeden nadrz\u0119dny podzia\u0142 na Zwyk\u0142e LogBooki i LogBooki z zawod\u00f3w. <\/p>\n\n\n\n<p>Gdy w\u0142\u0105czamy zawody to tworzymy nowy kolejny LogBook &#8211; na te zawody. Po ich zako\u0144czeniu mo\u017cemy zdecydowa\u0107 czy wracamy do starego zwyk\u0142ego LogBooka i czy do\u0142\u0105czy\u0107 do niego Logi z zawod\u00f3w. <\/p>\n\n\n\n<p>Zawody czas zacz\u0105\u0107. Klikamy w konfiguracj\u0119 i  w zak\u0142adce LogBook wybieramy typ LogBooka  &#8211; <strong><em>Zawody (contest)<\/em><\/strong><\/p>\n\n\n\n<figure data-wp-context=\"{&quot;imageId&quot;:&quot;69d7382a91566&quot;}\" data-wp-interactive=\"core\/image\" data-wp-key=\"69d7382a91566\" class=\"wp-block-image size-large wp-lightbox-container\"><img loading=\"lazy\" decoding=\"async\" width=\"1024\" height=\"99\" data-wp-class--hide=\"state.isContentHidden\" data-wp-class--show=\"state.isContentVisible\" data-wp-init=\"callbacks.setButtonStyles\" data-wp-on--click=\"actions.showLightbox\" data-wp-on--load=\"callbacks.setButtonStyles\" data-wp-on-window--resize=\"callbacks.setButtonStyles\" src=\"https:\/\/sp4thk.elfro.pl\/wp-content\/uploads\/2025\/11\/contest1-1024x99.png\" alt=\"\" class=\"wp-image-1472\" srcset=\"https:\/\/sp4thk.elfro.pl\/wp-content\/uploads\/2025\/11\/contest1-1024x99.png 1024w, https:\/\/sp4thk.elfro.pl\/wp-content\/uploads\/2025\/11\/contest1-300x29.png 300w, https:\/\/sp4thk.elfro.pl\/wp-content\/uploads\/2025\/11\/contest1-768x74.png 768w, https:\/\/sp4thk.elfro.pl\/wp-content\/uploads\/2025\/11\/contest1.png 1242w\" sizes=\"auto, (max-width: 1024px) 100vw, 1024px\" \/><button\n\t\t\tclass=\"lightbox-trigger\"\n\t\t\ttype=\"button\"\n\t\t\taria-haspopup=\"dialog\"\n\t\t\taria-label=\"Powi\u0119ksz\"\n\t\t\tdata-wp-init=\"callbacks.initTriggerButton\"\n\t\t\tdata-wp-on--click=\"actions.showLightbox\"\n\t\t\tdata-wp-style--right=\"state.imageButtonRight\"\n\t\t\tdata-wp-style--top=\"state.imageButtonTop\"\n\t\t>\n\t\t\t<svg xmlns=\"http:\/\/www.w3.org\/2000\/svg\" width=\"12\" height=\"12\" fill=\"none\" viewBox=\"0 0 12 12\">\n\t\t\t\t<path fill=\"#fff\" d=\"M2 0a2 2 0 0 0-2 2v2h1.5V2a.5.5 0 0 1 .5-.5h2V0H2Zm2 10.5H2a.5.5 0 0 1-.5-.5V8H0v2a2 2 0 0 0 2 2h2v-1.5ZM8 12v-1.5h2a.5.5 0 0 0 .5-.5V8H12v2a2 2 0 0 1-2 2H8Zm2-12a2 2 0 0 1 2 2v2h-1.5V2a.5.5 0 0 0-.5-.5H8V0h2Z\" \/>\n\t\t\t<\/svg>\n\t\t<\/button><\/figure>\n\n\n\n<p>Mo\u017cna wybra\u0107 istniej\u0105ce zawody  z listy Nazwa LogBooka lub utworzy\u0107 <strong>Nowe zawody<\/strong> <\/p>\n\n\n\n<figure data-wp-context=\"{&quot;imageId&quot;:&quot;69d7382a9198f&quot;}\" data-wp-interactive=\"core\/image\" data-wp-key=\"69d7382a9198f\" class=\"wp-block-image size-full wp-lightbox-container\"><img loading=\"lazy\" decoding=\"async\" width=\"866\" height=\"705\" data-wp-class--hide=\"state.isContentHidden\" data-wp-class--show=\"state.isContentVisible\" data-wp-init=\"callbacks.setButtonStyles\" data-wp-on--click=\"actions.showLightbox\" data-wp-on--load=\"callbacks.setButtonStyles\" data-wp-on-window--resize=\"callbacks.setButtonStyles\" src=\"https:\/\/sp4thk.elfro.pl\/wp-content\/uploads\/2025\/11\/newcontest.png\" alt=\"\" class=\"wp-image-1473\" srcset=\"https:\/\/sp4thk.elfro.pl\/wp-content\/uploads\/2025\/11\/newcontest.png 866w, https:\/\/sp4thk.elfro.pl\/wp-content\/uploads\/2025\/11\/newcontest-300x244.png 300w, https:\/\/sp4thk.elfro.pl\/wp-content\/uploads\/2025\/11\/newcontest-768x625.png 768w\" sizes=\"auto, (max-width: 866px) 100vw, 866px\" \/><button\n\t\t\tclass=\"lightbox-trigger\"\n\t\t\ttype=\"button\"\n\t\t\taria-haspopup=\"dialog\"\n\t\t\taria-label=\"Powi\u0119ksz\"\n\t\t\tdata-wp-init=\"callbacks.initTriggerButton\"\n\t\t\tdata-wp-on--click=\"actions.showLightbox\"\n\t\t\tdata-wp-style--right=\"state.imageButtonRight\"\n\t\t\tdata-wp-style--top=\"state.imageButtonTop\"\n\t\t>\n\t\t\t<svg xmlns=\"http:\/\/www.w3.org\/2000\/svg\" width=\"12\" height=\"12\" fill=\"none\" viewBox=\"0 0 12 12\">\n\t\t\t\t<path fill=\"#fff\" d=\"M2 0a2 2 0 0 0-2 2v2h1.5V2a.5.5 0 0 1 .5-.5h2V0H2Zm2 10.5H2a.5.5 0 0 1-.5-.5V8H0v2a2 2 0 0 0 2 2h2v-1.5ZM8 12v-1.5h2a.5.5 0 0 0 .5-.5V8H12v2a2 2 0 0 1-2 2H8Zm2-12a2 2 0 0 1 2 2v2h-1.5V2a.5.5 0 0 0-.5-.5H8V0h2Z\" \/>\n\t\t\t<\/svg>\n\t\t<\/button><\/figure>\n\n\n\n<p>Mamy list\u0119 zawod\u00f3w kt\u00f3re mo\u017cna edytowa\u0107 i tworzy\u0107 swoje nowe zawody. <\/p>\n\n\n\n<p>Nazwa LogBooka tu mo\u017cna si\u0119 posi\u0142kowa\u0107 pomoc\u0105 klikaj\u0105c<strong><em> Wygeneruj<\/em><\/strong>.<\/p>\n\n\n\n<p>Podczas zawod\u00f3w u\u017cytkownicy wymieniaj\u0105 si\u0119 charakterystycznymi informacjami z zawod\u00f3w mo\u017ce to by\u0107 kolejny numer \u0142\u0105czno\u015bci albo sta\u0142y numer np strefa.<\/p>\n\n\n\n<p><strong><em>Odebrane dane.<\/em><\/strong> Je\u015bli dane s\u0105 liczb\u0105 a wymagany jest porz\u0105dek i liczba musi by\u0107 np czterocyfrowa to zaznaczenie <em><strong>Uzupe\u0142nij cyfry do : <\/strong><\/em> spowoduje, \u017ce wpisana liczba np 12 zostanie uzupe\u0142niona o cyfry 0  z przodu do wymaganej d\u0142ugo\u015bci np 0012.<\/p>\n\n\n\n<p>Dane do wys\u0142ania: <\/p>\n\n\n\n<p>Mo\u017ce to by\u0107 sta\u0142y ci\u0105g znak\u00f3w kt\u00f3ry si\u0119 nie zmienia np cyfra czy litera lub ci\u0105g znak\u00f3w wtedy za ka\u017cdym razem b\u0119dzie ona dopisywana do logu.<\/p>\n\n\n\n<p>Mo\u017cna te\u017c generowa\u0107 liczb\u0119 automatycznie i tu jest sprawa bardziej skomplikowana.<\/p>\n\n\n\n<p>Prefiks jest sta\u0142ym ci\u0105giem znak\u00f3w na pocz\u0105tku np <strong>AA<\/strong><br>Nast\u0119pnie wyst\u0119puje liczba z mo\u017cliwym wyr\u00f3wnywaniem d\u0142ugo\u015bci np <strong>001<\/strong><br>Na ko\u0144cu jest przyrostek np <strong>XX<\/strong><\/p>\n\n\n\n<p>w ten spos\u00f3b b\u0119dziemy otrzymywa\u0107 przy kolejnych \u0142\u0105czno\u015bciach automatycznie liczby <strong>AA001XX, AA002XX, AA003XX<\/strong> itd. <\/p>\n\n\n\n<p>W ten spos\u00f3b da si\u0119 spe\u0142ni\u0107 warunki wszystkich program\u00f3w.<\/p>\n\n\n\n<p>Gdy zatwierdzimy utworzone zawody okno g\u0142\u00f3wne LogBooka b\u0119dzie nieco inne:<\/p>\n\n\n\n<figure data-wp-context=\"{&quot;imageId&quot;:&quot;69d7382a91db6&quot;}\" data-wp-interactive=\"core\/image\" data-wp-key=\"69d7382a91db6\" class=\"wp-block-image size-large wp-lightbox-container\"><img loading=\"lazy\" decoding=\"async\" width=\"1024\" height=\"231\" data-wp-class--hide=\"state.isContentHidden\" data-wp-class--show=\"state.isContentVisible\" data-wp-init=\"callbacks.setButtonStyles\" data-wp-on--click=\"actions.showLightbox\" data-wp-on--load=\"callbacks.setButtonStyles\" data-wp-on-window--resize=\"callbacks.setButtonStyles\" src=\"https:\/\/sp4thk.elfro.pl\/wp-content\/uploads\/2026\/01\/zawody-1024x231.png\" alt=\"\" class=\"wp-image-1811\" srcset=\"https:\/\/sp4thk.elfro.pl\/wp-content\/uploads\/2026\/01\/zawody-1024x231.png 1024w, https:\/\/sp4thk.elfro.pl\/wp-content\/uploads\/2026\/01\/zawody-300x68.png 300w, https:\/\/sp4thk.elfro.pl\/wp-content\/uploads\/2026\/01\/zawody-768x174.png 768w, https:\/\/sp4thk.elfro.pl\/wp-content\/uploads\/2026\/01\/zawody.png 1345w\" sizes=\"auto, (max-width: 1024px) 100vw, 1024px\" \/><button\n\t\t\tclass=\"lightbox-trigger\"\n\t\t\ttype=\"button\"\n\t\t\taria-haspopup=\"dialog\"\n\t\t\taria-label=\"Powi\u0119ksz\"\n\t\t\tdata-wp-init=\"callbacks.initTriggerButton\"\n\t\t\tdata-wp-on--click=\"actions.showLightbox\"\n\t\t\tdata-wp-style--right=\"state.imageButtonRight\"\n\t\t\tdata-wp-style--top=\"state.imageButtonTop\"\n\t\t>\n\t\t\t<svg xmlns=\"http:\/\/www.w3.org\/2000\/svg\" width=\"12\" height=\"12\" fill=\"none\" viewBox=\"0 0 12 12\">\n\t\t\t\t<path fill=\"#fff\" d=\"M2 0a2 2 0 0 0-2 2v2h1.5V2a.5.5 0 0 1 .5-.5h2V0H2Zm2 10.5H2a.5.5 0 0 1-.5-.5V8H0v2a2 2 0 0 0 2 2h2v-1.5ZM8 12v-1.5h2a.5.5 0 0 0 .5-.5V8H12v2a2 2 0 0 1-2 2H8Zm2-12a2 2 0 0 1 2 2v2h-1.5V2a.5.5 0 0 0-.5-.5H8V0h2Z\" \/>\n\t\t\t<\/svg>\n\t\t<\/button><\/figure>\n\n\n\n<p>Wida\u0107 od razu napis <strong>Tryb Contest<\/strong>. Widoczne s\u0105 tak\u017ce pola do wpisania odebranych danych jak i generuj\u0105ce dane do wys\u0142ania a po prawej je\u015bli nie by\u0142o wcze\u015bniej pojawi\u0142y si\u0119 statystyki z od razu dopisan\u0105 dat\u0105 pocz\u0105tki i ko\u0144ca zawod\u00f3w. Pojawi\u0142 si\u0119 te\u017c nowy dodatkowy przycisk <strong>Menu<\/strong> w prawym g\u00f3rnym rogu.<\/p>\n\n\n<div class=\"wp-block-image\">\n<figure class=\"aligncenter size-full is-resized\"><img loading=\"lazy\" decoding=\"async\" width=\"297\" height=\"167\" src=\"https:\/\/sp4thk.elfro.pl\/wp-content\/uploads\/2026\/01\/contestMenu-edited.png\" alt=\"\" class=\"wp-image-1812\" style=\"width:299px;height:auto\"\/><\/figure>\n<\/div>\n\n\n<p>Mo\u017cna tu poogl\u0105da\u0107 statystyki w oddzielnych oknach. Statystyki s\u0105 te\u017c dost\u0119pne w normalnym trybie ale w zawodach mog\u0105 by\u0107 bardziej istotne:<\/p>\n\n\n<div class=\"wp-block-image\">\n<figure data-wp-context=\"{&quot;imageId&quot;:&quot;69d7382a923e1&quot;}\" data-wp-interactive=\"core\/image\" data-wp-key=\"69d7382a923e1\" class=\"aligncenter size-full is-resized wp-lightbox-container\"><img loading=\"lazy\" decoding=\"async\" width=\"991\" height=\"736\" data-wp-class--hide=\"state.isContentHidden\" data-wp-class--show=\"state.isContentVisible\" data-wp-init=\"callbacks.setButtonStyles\" data-wp-on--click=\"actions.showLightbox\" data-wp-on--load=\"callbacks.setButtonStyles\" data-wp-on-window--resize=\"callbacks.setButtonStyles\" src=\"https:\/\/sp4thk.elfro.pl\/wp-content\/uploads\/2025\/11\/stats.png\" alt=\"\" class=\"wp-image-1479\" style=\"width:auto;height:350px\" srcset=\"https:\/\/sp4thk.elfro.pl\/wp-content\/uploads\/2025\/11\/stats.png 991w, https:\/\/sp4thk.elfro.pl\/wp-content\/uploads\/2025\/11\/stats-300x223.png 300w, https:\/\/sp4thk.elfro.pl\/wp-content\/uploads\/2025\/11\/stats-768x570.png 768w\" sizes=\"auto, (max-width: 991px) 100vw, 991px\" \/><button\n\t\t\tclass=\"lightbox-trigger\"\n\t\t\ttype=\"button\"\n\t\t\taria-haspopup=\"dialog\"\n\t\t\taria-label=\"Powi\u0119ksz\"\n\t\t\tdata-wp-init=\"callbacks.initTriggerButton\"\n\t\t\tdata-wp-on--click=\"actions.showLightbox\"\n\t\t\tdata-wp-style--right=\"state.imageButtonRight\"\n\t\t\tdata-wp-style--top=\"state.imageButtonTop\"\n\t\t>\n\t\t\t<svg xmlns=\"http:\/\/www.w3.org\/2000\/svg\" width=\"12\" height=\"12\" fill=\"none\" viewBox=\"0 0 12 12\">\n\t\t\t\t<path fill=\"#fff\" d=\"M2 0a2 2 0 0 0-2 2v2h1.5V2a.5.5 0 0 1 .5-.5h2V0H2Zm2 10.5H2a.5.5 0 0 1-.5-.5V8H0v2a2 2 0 0 0 2 2h2v-1.5ZM8 12v-1.5h2a.5.5 0 0 0 .5-.5V8H12v2a2 2 0 0 1-2 2H8Zm2-12a2 2 0 0 1 2 2v2h-1.5V2a.5.5 0 0 0-.5-.5H8V0h2Z\" \/>\n\t\t\t<\/svg>\n\t\t<\/button><\/figure>\n<\/div>\n\n\n<p>W menu mo\u017cna zmieni\u0107 dane zawod\u00f3w jak i zako\u0144czy\u0107 zawody. To samo mo\u017cna uczyni\u0107 w g\u0142\u00f3wnym oknie konfiguracji.<\/p>\n\n\n\n<p>Po wielu udanych \u0142\u0105czno\u015bciach czas na zako\u0144czenie zawod\u00f3w:<\/p>\n\n\n\n<figure class=\"wp-block-image size-full\"><img loading=\"lazy\" decoding=\"async\" width=\"830\" height=\"542\" src=\"https:\/\/sp4thk.elfro.pl\/wp-content\/uploads\/2025\/11\/contestEnd.png\" alt=\"\" class=\"wp-image-1481\" srcset=\"https:\/\/sp4thk.elfro.pl\/wp-content\/uploads\/2025\/11\/contestEnd.png 830w, https:\/\/sp4thk.elfro.pl\/wp-content\/uploads\/2025\/11\/contestEnd-300x196.png 300w, https:\/\/sp4thk.elfro.pl\/wp-content\/uploads\/2025\/11\/contestEnd-768x502.png 768w\" sizes=\"auto, (max-width: 830px) 100vw, 830px\" \/><\/figure>\n\n\n\n<p>Na koniec zawod\u00f3w zapisane \u0142\u0105czno\u015bci nale\u017cy wyeksportowa\u0107 i wys\u0142a\u0107 do organizatora. Eksport mo\u017cna wykona\u0107 w dw\u00f3ch formatach .<\/p>\n\n\n\n<p><strong><em>Log w formacie Adif <\/em><\/strong>&#8211; standardowe opisywane ju\u017c okno eksportu.<\/p>\n\n\n\n<p><strong><em>Log w formacie Cabrillo<\/em><\/strong><\/p>\n\n\n\n<p>Tutaj mamy du\u017co danych kt\u00f3rych wi\u0119kszo\u015bci nie trzeba wype\u0142nia\u0107 ale jest taka mo\u017cliwo\u015b\u0107 dla jakich\u015b wymagaj\u0105cych zawod\u00f3w.<\/p>\n\n\n\n<figure class=\"wp-block-gallery has-nested-images columns-default is-cropped wp-block-gallery-1 is-layout-flex wp-block-gallery-is-layout-flex\">\n<figure data-wp-context=\"{&quot;imageId&quot;:&quot;69d7382a927ef&quot;}\" data-wp-interactive=\"core\/image\" data-wp-key=\"69d7382a927ef\" class=\"wp-block-image size-large wp-lightbox-container\"><img loading=\"lazy\" decoding=\"async\" width=\"1024\" height=\"583\" data-wp-class--hide=\"state.isContentHidden\" data-wp-class--show=\"state.isContentVisible\" data-wp-init=\"callbacks.setButtonStyles\" data-wp-on--click=\"actions.showLightbox\" data-wp-on--load=\"callbacks.setButtonStyles\" data-wp-on-window--resize=\"callbacks.setButtonStyles\" data-id=\"1482\" src=\"https:\/\/sp4thk.elfro.pl\/wp-content\/uploads\/2025\/11\/exportContestCabri1-1024x583.png\" alt=\"\" class=\"wp-image-1482\" srcset=\"https:\/\/sp4thk.elfro.pl\/wp-content\/uploads\/2025\/11\/exportContestCabri1-1024x583.png 1024w, https:\/\/sp4thk.elfro.pl\/wp-content\/uploads\/2025\/11\/exportContestCabri1-300x171.png 300w, https:\/\/sp4thk.elfro.pl\/wp-content\/uploads\/2025\/11\/exportContestCabri1-768x437.png 768w, https:\/\/sp4thk.elfro.pl\/wp-content\/uploads\/2025\/11\/exportContestCabri1.png 1167w\" sizes=\"auto, (max-width: 1024px) 100vw, 1024px\" \/><button\n\t\t\tclass=\"lightbox-trigger\"\n\t\t\ttype=\"button\"\n\t\t\taria-haspopup=\"dialog\"\n\t\t\taria-label=\"Powi\u0119ksz\"\n\t\t\tdata-wp-init=\"callbacks.initTriggerButton\"\n\t\t\tdata-wp-on--click=\"actions.showLightbox\"\n\t\t\tdata-wp-style--right=\"state.imageButtonRight\"\n\t\t\tdata-wp-style--top=\"state.imageButtonTop\"\n\t\t>\n\t\t\t<svg xmlns=\"http:\/\/www.w3.org\/2000\/svg\" width=\"12\" height=\"12\" fill=\"none\" viewBox=\"0 0 12 12\">\n\t\t\t\t<path fill=\"#fff\" d=\"M2 0a2 2 0 0 0-2 2v2h1.5V2a.5.5 0 0 1 .5-.5h2V0H2Zm2 10.5H2a.5.5 0 0 1-.5-.5V8H0v2a2 2 0 0 0 2 2h2v-1.5ZM8 12v-1.5h2a.5.5 0 0 0 .5-.5V8H12v2a2 2 0 0 1-2 2H8Zm2-12a2 2 0 0 1 2 2v2h-1.5V2a.5.5 0 0 0-.5-.5H8V0h2Z\" \/>\n\t\t\t<\/svg>\n\t\t<\/button><\/figure>\n\n\n\n<figure data-wp-context=\"{&quot;imageId&quot;:&quot;69d7382a92b6e&quot;}\" data-wp-interactive=\"core\/image\" data-wp-key=\"69d7382a92b6e\" class=\"wp-block-image size-large wp-lightbox-container\"><img loading=\"lazy\" decoding=\"async\" width=\"1024\" height=\"583\" data-wp-class--hide=\"state.isContentHidden\" data-wp-class--show=\"state.isContentVisible\" data-wp-init=\"callbacks.setButtonStyles\" data-wp-on--click=\"actions.showLightbox\" data-wp-on--load=\"callbacks.setButtonStyles\" data-wp-on-window--resize=\"callbacks.setButtonStyles\" data-id=\"1483\" src=\"https:\/\/sp4thk.elfro.pl\/wp-content\/uploads\/2025\/11\/exportContestCabri2-1024x583.png\" alt=\"\" class=\"wp-image-1483\" srcset=\"https:\/\/sp4thk.elfro.pl\/wp-content\/uploads\/2025\/11\/exportContestCabri2-1024x583.png 1024w, https:\/\/sp4thk.elfro.pl\/wp-content\/uploads\/2025\/11\/exportContestCabri2-300x171.png 300w, https:\/\/sp4thk.elfro.pl\/wp-content\/uploads\/2025\/11\/exportContestCabri2-768x437.png 768w, https:\/\/sp4thk.elfro.pl\/wp-content\/uploads\/2025\/11\/exportContestCabri2.png 1167w\" sizes=\"auto, (max-width: 1024px) 100vw, 1024px\" \/><button\n\t\t\tclass=\"lightbox-trigger\"\n\t\t\ttype=\"button\"\n\t\t\taria-haspopup=\"dialog\"\n\t\t\taria-label=\"Powi\u0119ksz\"\n\t\t\tdata-wp-init=\"callbacks.initTriggerButton\"\n\t\t\tdata-wp-on--click=\"actions.showLightbox\"\n\t\t\tdata-wp-style--right=\"state.imageButtonRight\"\n\t\t\tdata-wp-style--top=\"state.imageButtonTop\"\n\t\t>\n\t\t\t<svg xmlns=\"http:\/\/www.w3.org\/2000\/svg\" width=\"12\" height=\"12\" fill=\"none\" viewBox=\"0 0 12 12\">\n\t\t\t\t<path fill=\"#fff\" d=\"M2 0a2 2 0 0 0-2 2v2h1.5V2a.5.5 0 0 1 .5-.5h2V0H2Zm2 10.5H2a.5.5 0 0 1-.5-.5V8H0v2a2 2 0 0 0 2 2h2v-1.5ZM8 12v-1.5h2a.5.5 0 0 0 .5-.5V8H12v2a2 2 0 0 1-2 2H8Zm2-12a2 2 0 0 1 2 2v2h-1.5V2a.5.5 0 0 0-.5-.5H8V0h2Z\" \/>\n\t\t\t<\/svg>\n\t\t<\/button><\/figure>\n<\/figure>\n\n\n\n<p>Po wykonaniu log\u00f3w mo\u017cemy wr\u00f3ci\u0107 do LogBooka. Mo\u017cemy wybra\u0107 do kt\u00f3rego LogBooka wracamy i czy dodajemy do niego \u0142\u0105czno\u015bci wykonane podczas zawod\u00f3w.<\/p>\n\n\n\n<hr class=\"wp-block-separator has-alpha-channel-opacity\"\/>\n","protected":false},"excerpt":{"rendered":"<p>\ud83c\udfc6\ud83d\udcfb\ud83c\udfaf Zawody (contests) Zawody s\u0105 specjalnym trybem programu jak sama nazwa wskazuje do obs\u0142ugi zawod\u00f3w. \ud83d\ude09 Program obs\u0142uguje wiele LogBook\u00f3w jednak jest jeszcze jeden nadrz\u0119dny podzia\u0142 na Zwyk\u0142e LogBooki i LogBooki z zawod\u00f3w. Gdy w\u0142\u0105czamy zawody to tworzymy nowy kolejny LogBook &#8211; na te zawody. Po ich zako\u0144czeniu mo\u017cemy zdecydowa\u0107 czy wracamy do starego zwyk\u0142ego [&hellip;]<\/p>\n","protected":false},"author":1,"featured_media":0,"parent":55,"menu_order":0,"comment_status":"closed","ping_status":"closed","template":"","meta":{"footnotes":""},"class_list":["post-1471","page","type-page","status-publish","hentry"],"_links":{"self":[{"href":"https:\/\/sp4thk.elfro.pl\/index.php\/wp-json\/wp\/v2\/pages\/1471","targetHints":{"allow":["GET"]}}],"collection":[{"href":"https:\/\/sp4thk.elfro.pl\/index.php\/wp-json\/wp\/v2\/pages"}],"about":[{"href":"https:\/\/sp4thk.elfro.pl\/index.php\/wp-json\/wp\/v2\/types\/page"}],"author":[{"embeddable":true,"href":"https:\/\/sp4thk.elfro.pl\/index.php\/wp-json\/wp\/v2\/users\/1"}],"replies":[{"embeddable":true,"href":"https:\/\/sp4thk.elfro.pl\/index.php\/wp-json\/wp\/v2\/comments?post=1471"}],"version-history":[{"count":6,"href":"https:\/\/sp4thk.elfro.pl\/index.php\/wp-json\/wp\/v2\/pages\/1471\/revisions"}],"predecessor-version":[{"id":1822,"href":"https:\/\/sp4thk.elfro.pl\/index.php\/wp-json\/wp\/v2\/pages\/1471\/revisions\/1822"}],"up":[{"embeddable":true,"href":"https:\/\/sp4thk.elfro.pl\/index.php\/wp-json\/wp\/v2\/pages\/55"}],"wp:attachment":[{"href":"https:\/\/sp4thk.elfro.pl\/index.php\/wp-json\/wp\/v2\/media?parent=1471"}],"curies":[{"name":"wp","href":"https:\/\/api.w.org\/{rel}","templated":true}]}}