{"id":164,"date":"2024-03-12T17:47:09","date_gmt":"2024-03-12T16:47:09","guid":{"rendered":"https:\/\/sp4thk.elfro.pl\/?page_id=164"},"modified":"2026-01-02T09:27:45","modified_gmt":"2026-01-02T08:27:45","slug":"funkcje-zaawansowane","status":"publish","type":"page","link":"https:\/\/sp4thk.elfro.pl\/index.php\/rig\/funkcje-zaawansowane\/","title":{"rendered":"Funkcje zaawansowane"},"content":{"rendered":"\n<p class=\"has-medium-font-size\"><strong>Zaawansowane sterowanie TRX<\/strong> &#8211; <strong>Dost\u0119pne tylko przy sterowaniu przez Omnirig.<\/strong><\/p>\n\n\n\n<p>W standardowym oknie znajduje si\u0119 kilka podstawowych funkcji do obs\u0142ugi transceivera.  Lista urz\u0105dze\u0144 jest ca\u0142kiem spora i konfigurowana w Omnirig. Je\u017celi Twojego urz\u0105dzenia nie ma na li\u015bcie mo\u017cna spr\u00f3bowa\u0107 wybra\u0107 podobne tego samego producenta i powinno dzia\u0142a\u0107.  <\/p>\n\n\n\n<p>Wprowadzi\u0142em mo\u017cliwo\u015b\u0107 zaawansowanego sterowania wybranymi TRX. S\u0105 to :<\/p>\n\n\n\n<ul class=\"wp-block-list\">\n<li>FT_710 <\/li>\n\n\n\n<li>FT_891 <\/li>\n\n\n\n<li>FT_991A,<\/li>\n\n\n\n<li>FTDX10 <\/li>\n\n\n\n<li>FTDX101D <\/li>\n\n\n\n<li>FTDX101MP <\/li>\n\n\n\n<li>IC_705 <\/li>\n\n\n\n<li>IC_7100 <\/li>\n\n\n\n<li>IC_7300 <\/li>\n\n\n\n<li>IC_7600 (w przygotowaniu)<\/li>\n<\/ul>\n\n\n\n<p>Podstawowe pytanie dlaczego? Jest kilka odpowiedzi:<\/p>\n\n\n\n<ul class=\"wp-block-list\">\n<li>mo\u017cliwo\u015b\u0107 skonfigurowania pracy zdalnej<\/li>\n\n\n\n<li>mo\u017cliwo\u015b\u0107 u\u017cywania zaawansowanych opcji przez osoby niewidome<\/li>\n\n\n\n<li>szybsze znalezienie niekt\u00f3rych funkcji ni\u017c przeszukiwanie menu<\/li>\n\n\n\n<li>itd&#8230;.<\/li>\n<\/ul>\n\n\n\n<p>Najpierw nale\u017cy skonfigurowa\u0107 program w tym celu klikamy <em>Menu-&gt;Konfiguracja TRX<\/em><\/p>\n\n\n<div class=\"wp-block-image\">\n<figure data-wp-context=\"{&quot;imageId&quot;:&quot;69e75ff2addcc&quot;}\" data-wp-interactive=\"core\/image\" data-wp-key=\"69e75ff2addcc\" class=\"aligncenter size-full wp-lightbox-container\"><img loading=\"lazy\" decoding=\"async\" width=\"1124\" height=\"681\" data-wp-class--hide=\"state.isContentHidden\" data-wp-class--show=\"state.isContentVisible\" data-wp-init=\"callbacks.setButtonStyles\" data-wp-on--click=\"actions.showLightbox\" data-wp-on--load=\"callbacks.setButtonStyles\" data-wp-on-window--resize=\"callbacks.setButtonStyles\" src=\"https:\/\/sp4thk.elfro.pl\/wp-content\/uploads\/2026\/01\/advOmnirig.png\" alt=\"\" class=\"wp-image-1645\" srcset=\"https:\/\/sp4thk.elfro.pl\/wp-content\/uploads\/2026\/01\/advOmnirig.png 1124w, https:\/\/sp4thk.elfro.pl\/wp-content\/uploads\/2026\/01\/advOmnirig-300x182.png 300w, https:\/\/sp4thk.elfro.pl\/wp-content\/uploads\/2026\/01\/advOmnirig-1024x620.png 1024w, https:\/\/sp4thk.elfro.pl\/wp-content\/uploads\/2026\/01\/advOmnirig-768x465.png 768w\" sizes=\"auto, (max-width: 1124px) 100vw, 1124px\" \/><button\n\t\t\tclass=\"lightbox-trigger\"\n\t\t\ttype=\"button\"\n\t\t\taria-haspopup=\"dialog\"\n\t\t\taria-label=\"Powi\u0119ksz\"\n\t\t\tdata-wp-init=\"callbacks.initTriggerButton\"\n\t\t\tdata-wp-on--click=\"actions.showLightbox\"\n\t\t\tdata-wp-style--right=\"state.imageButtonRight\"\n\t\t\tdata-wp-style--top=\"state.imageButtonTop\"\n\t\t>\n\t\t\t<svg xmlns=\"http:\/\/www.w3.org\/2000\/svg\" width=\"12\" height=\"12\" fill=\"none\" viewBox=\"0 0 12 12\">\n\t\t\t\t<path fill=\"#fff\" d=\"M2 0a2 2 0 0 0-2 2v2h1.5V2a.5.5 0 0 1 .5-.5h2V0H2Zm2 10.5H2a.5.5 0 0 1-.5-.5V8H0v2a2 2 0 0 0 2 2h2v-1.5ZM8 12v-1.5h2a.5.5 0 0 0 .5-.5V8H12v2a2 2 0 0 1-2 2H8Zm2-12a2 2 0 0 1 2 2v2h-1.5V2a.5.5 0 0 0-.5-.5H8V0h2Z\" \/>\n\t\t\t<\/svg>\n\t\t<\/button><\/figure>\n<\/div>\n\n\n<p>Tutaj konfiguruje si\u0119 odpowiednio urz\u0105dzenia dla Rig1 i Rig2 Omnirig. Zmiana Rig zmieni tak\u017ce automatycznie urz\u0105dzenie. <\/p>\n\n\n\n<div>\n<div style=\"float:left; margin:10px 15px 0 0\"> <img decoding=\"async\" src=\"https:\/\/sp4thk.elfro.pl\/wp-content\/uploads\/2024\/03\/Very_Small_Symbol_Exclamati.png\">\n<\/div>\n<div style=\"float:left;margin:15px 15px 0 0;font-size:30px\"><strong>UWAGA !!!<\/strong><\/div>\n<\/div> <div style=\"clear:both\"><\/div>\n\n\n\n<p><strong>Nie mia\u0142em mo\u017cliwo\u015bci testowania wszystkich urz\u0105dze\u0144 !!! Niekt\u00f3re opcje mog\u0105 nie do ko\u0144ca dzia\u0142a\u0107 prawid\u0142owo.<\/strong><\/p>\n\n\n\n<hr class=\"wp-block-separator has-alpha-channel-opacity\"\/>\n\n\n\n<p>Po wybraniu i skonfigurowaniu urz\u0105dzenia mo\u017cna w\u0142\u0105czy\u0107 opcj\u0119 Poka\u017c panel TRX.<\/p>\n\n\n\n<p>W zale\u017cno\u015bci od wybranego urz\u0105dzenia oraz modelu panele mog\u0105 si\u0119 r\u00f3\u017cni\u0107.<\/p>\n\n\n\n<p>Gdy wybrane s\u0105 modele YASEU:<\/p>\n\n\n\n<figure class=\"wp-block-image size-full\"><img loading=\"lazy\" decoding=\"async\" width=\"670\" height=\"479\" src=\"https:\/\/sp4thk.elfro.pl\/wp-content\/uploads\/2024\/03\/yaesu.png\" alt=\"\" class=\"wp-image-173\" srcset=\"https:\/\/sp4thk.elfro.pl\/wp-content\/uploads\/2024\/03\/yaesu.png 670w, https:\/\/sp4thk.elfro.pl\/wp-content\/uploads\/2024\/03\/yaesu-300x214.png 300w\" sizes=\"auto, (max-width: 670px) 100vw, 670px\" \/><\/figure>\n\n\n\n<p>Modele ICOM:<\/p>\n\n\n\n<figure class=\"wp-block-image size-full\"><img loading=\"lazy\" decoding=\"async\" width=\"670\" height=\"479\" src=\"https:\/\/sp4thk.elfro.pl\/wp-content\/uploads\/2024\/03\/icom.png\" alt=\"\" class=\"wp-image-175\" srcset=\"https:\/\/sp4thk.elfro.pl\/wp-content\/uploads\/2024\/03\/icom.png 670w, https:\/\/sp4thk.elfro.pl\/wp-content\/uploads\/2024\/03\/icom-300x214.png 300w\" sizes=\"auto, (max-width: 670px) 100vw, 670px\" \/><\/figure>\n\n\n\n<p>Wszystkie opcje maj\u0105 sw\u00f3j skr\u00f3t. Skr\u00f3ty s\u0105 dwuliterowe wed\u0142ug swojej nazwy np. klawisz AGC ma skr\u00f3t <strong>CTRL-ALT-A<\/strong> <strong>CTRL-ALT-G<\/strong> wyj\u0105tkiem mo\u017ce by\u0107 DNR:<\/p>\n\n\n\n<div>\n<div style=\"float:left; margin:10px 15px 0 0\"> <img decoding=\"async\" src=\"https:\/\/sp4thk.elfro.pl\/wp-content\/uploads\/2024\/03\/Very_Small_Symbol_Exclamati.png\">\n<\/div>\n<div style=\"float:left;margin:15px 15px 0 0;font-size:30px\"><strong>UWAGA !!!<\/strong><\/div>\n<\/div> <div style=\"clear:both\"><\/div>\n\n\n\n<p><strong>Je\u017celi korzystasz z programu dla niewidomych czytaj\u0105cego informacje z ekranu NVDA i transceivera YAESU<\/strong><\/p>\n\n\n\n<p>Funkcja DNR wymaga skr\u00f3tu <strong>ALT-CTRL-D<\/strong> <strong>ALT-CTRL-N<\/strong> co si\u0119 k\u0142\u00f3ci z domy\u015blnym skr\u00f3tem do NVDA. Nale\u017cy albo skonfigurowa\u0107 inny skr\u00f3t dla NVDA albo zapami\u0119ta\u0107, \u017ce inaczej jak w innych opcjach DNR mo\u017cna uruchomi\u0107 standardowo <strong>ALT \u2013 CTRL D N<\/strong> i dodatkowo za pomoc\u0105 <strong>ALT-CTRL-N ALT-CTRL-<\/strong><strong>R<\/strong> gdyby domy\u015blny spos\u00f3b k\u0142\u00f3ci\u0142 si\u0119 z konfiguracj\u0105 NVDA<\/p>\n\n\n\n<hr class=\"wp-block-separator has-alpha-channel-opacity\"\/>\n\n\n\n<div>\n<div style=\"float:left; margin:10px 15px 0 0\"> <img decoding=\"async\" src=\"https:\/\/sp4thk.elfro.pl\/wp-content\/uploads\/2024\/03\/Very_Small_Symbol_Exclamati.png\">\n<\/div>\n<div style=\"float:left;margin:15px 15px 0 0;font-size:30px\"><strong>UWAGA !!!<\/strong><\/div>\n<\/div> <div style=\"clear:both\"><\/div>\n\n\n\n<p>Program NIE ODCZYTUJE na bie\u017c\u0105co wszystkich parametr\u00f3w. Wynika to z asynchronicznej pracy Omnirig i du\u017cych op\u00f3\u017anie\u0144. Mog\u0142oby to spowodowa\u0107 konflikty danych i pokazywanie &#8222;g\u0142upot&#8221; przez program np. ustawiono poziom filtra z 64 na 128 ale jeszcze przez 10 sekund TRX nie zwr\u00f3ci\u0142 poprawnej nowej informacji za to kilka starych danych.<\/p>\n\n\n\n<p>Dlatego dane odczytywane s\u0105 na pocz\u0105tku pojawienia si\u0119 okna lub po naci\u015bni\u0119ciu przycisku <em>Odczytaj z TRX<\/em>.<\/p>\n\n\n\n<hr class=\"wp-block-separator has-alpha-channel-opacity\"\/>\n\n\n\n<div>\n<div style=\"float:left; margin:10px 15px 0 0\"> <img decoding=\"async\" src=\"https:\/\/sp4thk.elfro.pl\/wp-content\/uploads\/2024\/03\/Very_Small_Symbol_Exclamati.png\">\n<\/div>\n<div style=\"float:left;margin:15px 15px 0 0;font-size:30px\"><strong>UWAGA !!!<\/strong><\/div>\n<\/div> <div style=\"clear:both\"><\/div>\n\n\n\n<p>W\u0142\u0105czanie i wy\u0142\u0105czanie transceivera s\u0105 funkcjami kt\u00f3re nie gwarantuj\u0105 100% sukcesu. Zale\u017cy to od kilku czynnik\u00f3w windowsa, urz\u0105dze\u0144 itd. St\u0105d pojawia si\u0119 ostrze\u017cenie przed ich u\u017cyciem, \u017ce mog\u0105 nie zadzia\u0142a\u0107. A tak\u017ce po ich uruchomieniu mo\u017ce by\u0107 konieczny restart programu omnirig. (<strong>CTRL-F3 <\/strong>i<strong>OK<\/strong>)<\/p>\n\n\n\n<hr class=\"wp-block-separator has-alpha-channel-opacity\"\/>\n\n\n\n<p>Po klikni\u0119ciu prostszych funkcji sk\u0142adaj\u0105cych si\u0119 z kilku opcji otwiera si\u0119 okno z przyciskami Menu z ich wyborem jak w opcjach BAND lub MODE.<\/p>\n\n\n\n<p>Dodatkowo niekt\u00f3re opcje wymagaj\u0105 podania parametru np. Shift czy Width wtedy pojawi si\u0119 okno zaawansowane do sterowania za\u0142\u0105czenia w\u0142a\u015bciwo\u015bci jak i suwaki do ustawienia wielko\u015bci.<\/p>\n\n\n\n<p>Filtry mog\u0105 by\u0107 proste z jednym suwakiem, lub bardziej skomplikowane z dwoma lub trzema. Zale\u017cne to jest od konkretnego filtru i producenta jak rozwi\u0105za\u0142 sterowanie niekt\u00f3rymi ustawieniami:<\/p>\n\n\n\n<p>Np. filtr Speech Compresor:<\/p>\n\n\n<div class=\"wp-block-image\">\n<figure class=\"aligncenter size-full\"><img loading=\"lazy\" decoding=\"async\" width=\"604\" height=\"315\" src=\"https:\/\/sp4thk.elfro.pl\/wp-content\/uploads\/2024\/03\/sc.png\" alt=\"\" class=\"wp-image-181\" srcset=\"https:\/\/sp4thk.elfro.pl\/wp-content\/uploads\/2024\/03\/sc.png 604w, https:\/\/sp4thk.elfro.pl\/wp-content\/uploads\/2024\/03\/sc-300x156.png 300w\" sizes=\"auto, (max-width: 604px) 100vw, 604px\" \/><\/figure>\n<\/div>\n\n\n<p>Albo filtr Noise Balancer:<\/p>\n\n\n<div class=\"wp-block-image\">\n<figure class=\"aligncenter size-full\"><img loading=\"lazy\" decoding=\"async\" width=\"846\" height=\"547\" src=\"https:\/\/sp4thk.elfro.pl\/wp-content\/uploads\/2024\/03\/nb-1.png\" alt=\"\" class=\"wp-image-183\" srcset=\"https:\/\/sp4thk.elfro.pl\/wp-content\/uploads\/2024\/03\/nb-1.png 846w, https:\/\/sp4thk.elfro.pl\/wp-content\/uploads\/2024\/03\/nb-1-300x194.png 300w, https:\/\/sp4thk.elfro.pl\/wp-content\/uploads\/2024\/03\/nb-1-768x497.png 768w\" sizes=\"auto, (max-width: 846px) 100vw, 846px\" \/><\/figure>\n<\/div>\n\n\n<p>Warto\u015b\u0107 mo\u017cna wybiera\u0107 przesuwaj\u0105c suwak\/suwaki ,ale te\u017c klikaj\u0105c w du\u017cy przycisk na \u015brodku z wy\u015bwietlon\u0105 warto\u015bci\u0105 funkcji <\/p>\n\n\n\n<p>Tutaj tak\u017ce dzia\u0142aj\u0105 skr\u00f3ty klawiaturowe<\/p>\n\n\n\n<p>Klawiszy <strong>PLUS, MINUS, HOME, END, ESC<\/strong> nie trzeba przedstawia\u0107.<\/p>\n\n\n\n<p><strong>F2<\/strong> pe\u0142ni tak\u0105 sam\u0105 funkcje jak wsz\u0119dzie zaznacza pierwszy przycisk.<\/p>\n\n\n\n<p>Klawisze <strong>PLUS MINUS z CTRL<\/strong> \u2013 przyspieszaj\u0105 zmiany. Domy\u015blnie warto\u015b\u0107 zmienia si\u0119 o 1. np. gdy by\u0142o to 10 nacisn\u0119li\u015bmy plus warto\u015b\u0107 zmieni si\u0119 na 11. u\u017cycie CTRL zwi\u0119ksza t\u0105 warto\u015b\u0107 do 1\/10 maksimum. Np. dla warto\u015bci z zakresu od 0 do 100 b\u0119dzie to 10 od 0 do 255 b\u0119dzie to 25 a od 0 do 10 &#8211; 1.<\/p>\n\n\n\n<p><strong>CTRL-O<\/strong> \u2013 zmienia stan filtru ON\/OFF<\/p>\n\n\n\n<p><strong>CTRL-D<\/strong> \u2013 ustawia warto\u015b\u0107 domy\u015bln\u0105<\/p>\n\n\n\n<p><strong>CTRL-F<\/strong> \u2013 pozwala na wpisanie parametru z klawiatury.<\/p>\n\n\n\n<p>W zale\u017cno\u015bci od opcji wygl\u0105d okienka mo\u017ce si\u0119 nieco r\u00f3\u017cni\u0107 niekt\u00f3re klawisze mog\u0105 by\u0107 niedost\u0119pne lub niewidoczne.<\/p>\n\n\n\n<p>W trybie dla niewidomych okno edycji filtru okrojone jest do minimum. Schowane s\u0105 suwaki i zb\u0119dne przyciski. Oczywi\u015bcie skr\u00f3ty od nich dzia\u0142aj\u0105. Na widoku pozostaje przycisk od w\u0142\u0105czania wy\u0142\u0105czania opcji (ON\/OFF), przycisk z warto\u015bci\u0105 domy\u015bln\u0105 jak i przycisk z warto\u015bci\u0105 bie\u017c\u0105c\u0105.<\/p>\n\n\n\n<p>Tak wygl\u0105da wi\u0119kszo\u015b\u0107 filtr\u00f3w jednak s\u0105 drobne r\u00f3\u017cnice.<\/p>\n\n\n\n<ul class=\"wp-block-list\">\n<li>Gdy filtr ma warto\u015b\u0107 w Hz to po klikni\u0119ciu w warto\u015b\u0107 wy\u015bwietli si\u0119 znane okno z cz\u0119stotliwo\u015bci\u0105.<\/li>\n\n\n\n<li>Gdy jest to liczba wy\u015bwietli si\u0119 okno do wprowadzenia liczby.<\/li>\n\n\n\n<li>Width w Yaesu jest co pewien krok wobec czego nie ustawia si\u0119 tego p\u0142ynnie lecz ze skokiem. A edycja warto\u015bci poka\u017ce list\u0119 do wyboru.<\/li>\n<\/ul>\n\n\n\n<p>Niekt\u00f3re filtry maj\u0105 wiele ustawie\u0144 dlatego czasem pojawi si\u0119 najpierw lista do wyboru z ustawieniami gdzie na samym ko\u0144cu jest edycja warto\u015bci filtru ze znanym ju\u017c okienkiem. Brzmi skomplikowanie ale warto sobie przeklina\u0107 opcje i wszystko si\u0119 wyja\u015bni.<\/p>\n\n\n\n<hr class=\"wp-block-separator has-alpha-channel-opacity\"\/>\n\n\n\n<p><strong>ICOM<\/strong> ma tendencje do r\u00f3\u017cnego traktowania r\u00f3\u017cnych zmiennych np. warto\u015b\u0107 wy\u015bwietlana w urz\u0105dzeniu jest od 0 do 100 albo od 0 do 100% albo od 0 do 15. Ma si\u0119 to nijak do zakresu warto\u015bci kt\u00f3re trzeba wys\u0142a\u0107. Raz jest to jeden do jednego czyli np. dla zakresu 0-15 jest to 0-15 ale najcz\u0119\u015bciej jest tak, \u017ce dla zakresu od 0 do 100 np. % odpowiadaj\u0105 rzeczywiste warto\u015bci od 0 do 255. Wobec czego czasem warto\u015bci wy\u015bwietlane mog\u0105 si\u0119 r\u00f3\u017cni\u0107 np. o 1. Mo\u017ce to wynika\u0107 z r\u00f3\u017cnych zaokr\u0105gle\u0144 w przeliczaniu r\u00f3\u017cnych zakres\u00f3w np. 0-255 do 0-100 i odwrotnie. Jest to ta sama warto\u015b\u0107 jednak inaczej zinterpretowana i przeliczona.<\/p>\n\n\n\n<div style=\"float:left\">\n<p style=\"vertical-align:middle; text-align:left\"> \n<a href=\"https:\/\/sp4thk.elfro.pl\/index.php\/rig\/podstawowe-funkcje\/\" style=\"vertical-align:middle\"><img decoding=\"async\" style=\"display:inline-block; vertical-align:middle\" src=\"https:\/\/sp4thk.elfro.pl\/wp-content\/uploads\/2024\/03\/Very_Small_Arrow_Right.png\"><\/a> &nbsp; \n<a href=\"https:\/\/sp4thk.elfro.pl\/index.php\/rig\/podstawowe-funkcje\/\" style=\"vertical-align:middle\">Podstawowe funkcje<\/a>\n<\/p><\/div>\n\n<div style=\"float:right\">\n<p style=\"vertical-align:middle; text-align:right\"> \n<a href=\"https:\/\/sp4thk.elfro.pl\/index.php\/rig\/funkcje-dodatkowe\/\" style=\"vertical-align:middle\">Funkcje dodatkowe<\/a> &nbsp; \n<a href=\"https:\/\/sp4thk.elfro.pl\/index.php\/rig\/funkcje-dodatkowe\/\" style=\"vertical-align:middle\">\n<img decoding=\"async\" style=\"display:inline-block; vertical-align:middle\" src=\"https:\/\/sp4thk.elfro.pl\/wp-content\/uploads\/2024\/03\/Very_Small_Arrow_left.png\"><\/a> <\/p><\/div>\n\n<div style=\"clear:both\"><\/div>\n","protected":false},"excerpt":{"rendered":"<p>Zaawansowane sterowanie TRX &#8211; Dost\u0119pne tylko przy sterowaniu przez Omnirig. W standardowym oknie znajduje si\u0119 kilka podstawowych funkcji do obs\u0142ugi transceivera. Lista urz\u0105dze\u0144 jest ca\u0142kiem spora i konfigurowana w Omnirig. Je\u017celi Twojego urz\u0105dzenia nie ma na li\u015bcie mo\u017cna spr\u00f3bowa\u0107 wybra\u0107 podobne tego samego producenta i powinno dzia\u0142a\u0107. Wprowadzi\u0142em mo\u017cliwo\u015b\u0107 zaawansowanego sterowania wybranymi TRX. S\u0105 to [&hellip;]<\/p>\n","protected":false},"author":1,"featured_media":0,"parent":52,"menu_order":0,"comment_status":"closed","ping_status":"closed","template":"","meta":{"footnotes":""},"class_list":["post-164","page","type-page","status-publish","hentry"],"_links":{"self":[{"href":"https:\/\/sp4thk.elfro.pl\/index.php\/wp-json\/wp\/v2\/pages\/164","targetHints":{"allow":["GET"]}}],"collection":[{"href":"https:\/\/sp4thk.elfro.pl\/index.php\/wp-json\/wp\/v2\/pages"}],"about":[{"href":"https:\/\/sp4thk.elfro.pl\/index.php\/wp-json\/wp\/v2\/types\/page"}],"author":[{"embeddable":true,"href":"https:\/\/sp4thk.elfro.pl\/index.php\/wp-json\/wp\/v2\/users\/1"}],"replies":[{"embeddable":true,"href":"https:\/\/sp4thk.elfro.pl\/index.php\/wp-json\/wp\/v2\/comments?post=164"}],"version-history":[{"count":21,"href":"https:\/\/sp4thk.elfro.pl\/index.php\/wp-json\/wp\/v2\/pages\/164\/revisions"}],"predecessor-version":[{"id":1648,"href":"https:\/\/sp4thk.elfro.pl\/index.php\/wp-json\/wp\/v2\/pages\/164\/revisions\/1648"}],"up":[{"embeddable":true,"href":"https:\/\/sp4thk.elfro.pl\/index.php\/wp-json\/wp\/v2\/pages\/52"}],"wp:attachment":[{"href":"https:\/\/sp4thk.elfro.pl\/index.php\/wp-json\/wp\/v2\/media?parent=164"}],"curies":[{"name":"wp","href":"https:\/\/api.w.org\/{rel}","templated":true}]}}