{"id":189,"date":"2024-03-12T19:09:05","date_gmt":"2024-03-12T18:09:05","guid":{"rendered":"https:\/\/sp4thk.elfro.pl\/?page_id=189"},"modified":"2026-01-02T09:29:50","modified_gmt":"2026-01-02T08:29:50","slug":"funkcje-dodatkowe","status":"publish","type":"page","link":"https:\/\/sp4thk.elfro.pl\/index.php\/rig\/funkcje-dodatkowe\/","title":{"rendered":"Funkcje dodatkowe"},"content":{"rendered":"\n<p class=\"has-medium-font-size\"><strong>1. Modu\u0142 NTP<\/strong><\/p>\n\n\n\n<p>Bardzo wa\u017cna jest synchronizacja czasu szczeg\u00f3lnie dla niekt\u00f3rych transmisji cyfrowych. <\/p>\n\n\n\n<p>Program zawiera sw\u00f3j modu\u0142 synchronizacji NTP jako oddzielny program. <\/p>\n\n\n\n<p>Dwie opcje znajdziemy w <em>Menu-&gt;Czas z serwera NTP<\/em>:<\/p>\n\n\n\n<ol class=\"wp-block-list\">\n<li>Synchronizuj czas z serwera NTP przy starcie (w ostatnich 10 godzinach)<\/li>\n\n\n\n<li>Synchronizuj czas NTP teraz<\/li>\n<\/ol>\n\n\n\n<p>Pierwsza opcja uruchamia serwer NTP przy starcie programu. Robi to jednak inteligentnie. Je\u017celi synchronizacja by\u0142a wykonywana w przeci\u0105gu ostatnich 10 godzin to nie nastapi uruchomienie.<\/p>\n\n\n\n<p>Druga uruchamia program synchronizacji czasu natychmiast:<\/p>\n\n\n<div class=\"wp-block-image\">\n<figure class=\"aligncenter size-full\"><img loading=\"lazy\" decoding=\"async\" width=\"790\" height=\"587\" src=\"https:\/\/sp4thk.elfro.pl\/wp-content\/uploads\/2024\/03\/NTP.png\" alt=\"\" class=\"wp-image-199\" srcset=\"https:\/\/sp4thk.elfro.pl\/wp-content\/uploads\/2024\/03\/NTP.png 790w, https:\/\/sp4thk.elfro.pl\/wp-content\/uploads\/2024\/03\/NTP-300x223.png 300w, https:\/\/sp4thk.elfro.pl\/wp-content\/uploads\/2024\/03\/NTP-768x571.png 768w\" sizes=\"auto, (max-width: 790px) 100vw, 790px\" \/><\/figure>\n<\/div>\n\n\n<p>Modu\u0142 NTP jest tylko w j\u0119zyku angielskim.<\/p>\n\n\n\n\n\n<p>Od do\u015b\u0107 dawna Microsoft wprowadzi\u0142 konieczno\u015b\u0107 posiadania uprawnie\u0144 administratora do zmiany czasu. St\u0105d program synchronizacji czasu ich wymaga. System zapyta si\u0119 o pozwolenie na nadanie  uprawnie\u0144 administratora dla programu przy jego uruchamianiu.<\/p>\n\n\n\n<hr class=\"wp-block-separator has-alpha-channel-opacity\"\/>\n\n\n\n<p class=\"has-medium-font-size\"><strong>2. Modu\u0142 Kamery<\/strong> (Wideo Grabbera)<\/p>\n\n\n\n<p>Niekt\u00f3re transceivery maj\u0105 wyj\u015bcie na monitor. Je\u017celi zakupimy modu\u0142 grabbera za kilkadziesi\u0105t z\u0142otych mo\u017cemy wy\u015bwietla\u0107 obraz z ekranu TRX na komputerze. Raz jest to wygodne dwa pozwala na prac\u0119 zdaln\u0105. Trzy opcje znajduj\u0105 si\u0119 w <em>Menu-&gt;Modu\u0142 kamery<\/em>:<\/p>\n\n\n\n<ol class=\"wp-block-list\">\n<li>Przy starcie i zamknieciu poka\u017c zamknij modu\u0142 kamery.<\/li>\n\n\n\n<li>Konfiguruj port UDP (Wymaga restartu)<\/li>\n\n\n\n<li>Uruchom modu\u0142 kamery<\/li>\n<\/ol>\n\n\n\n<p>Modu\u0142 kamery mo\u017ce komunikowa\u0107 si\u0119 z programem poprzez port UDP. Dzi\u0119ki temu  ruch scroolem w myszce na ekranie modu\u0142u mo\u017ce zmieni\u0107 cz\u0119stotliwo\u015b\u0107 w g\u0142\u00f3wnym programie.<\/p>\n\n\n\n<p>Widok modu\u0142u kamery:<\/p>\n\n\n<div class=\"wp-block-image\">\n<figure class=\"aligncenter size-full\"><img loading=\"lazy\" decoding=\"async\" width=\"970\" height=\"550\" src=\"https:\/\/sp4thk.elfro.pl\/wp-content\/uploads\/2024\/03\/videoBig.jpg\" alt=\"\" class=\"wp-image-200\" srcset=\"https:\/\/sp4thk.elfro.pl\/wp-content\/uploads\/2024\/03\/videoBig.jpg 970w, https:\/\/sp4thk.elfro.pl\/wp-content\/uploads\/2024\/03\/videoBig-300x170.jpg 300w, https:\/\/sp4thk.elfro.pl\/wp-content\/uploads\/2024\/03\/videoBig-768x435.jpg 768w\" sizes=\"auto, (max-width: 970px) 100vw, 970px\" \/><\/figure>\n<\/div>\n\n\n<p>Prawy klawisz myszy wywo\u0142a proste menu do ustawienia parametr\u00f3w programu.<\/p>\n\n\n\n<p>Modu\u0142 Kamery jest tylko w j\u0119zyku angielskim.<\/p>\n\n\n\n<hr class=\"wp-block-separator has-alpha-channel-opacity\"\/>\n\n\n\n<p class=\"has-medium-font-size\"><strong>3. Tryb transpondera<\/strong><\/p>\n\n\n\n<p>W tej opcji menu s\u0105 dwa punkty do zaznaczenia <\/p>\n\n\n\n<ol class=\"wp-block-list\">\n<li>Praca z transponderem <\/li>\n\n\n\n<li>Offset transpondera w Hz<\/li>\n<\/ol>\n\n\n\n<p>Je\u017celi TRX jest pod\u0142\u0105czony do transpondera cz\u0119stotliwo\u015b\u0107 wy\u015bwietlana b\u0119dzie inna od rzeczywistej nadawanej. St\u0105d ta opcja mo\u017cna zdefiniowa\u0107 warto\u015b\u0107 do dodania do cz\u0119stotliwo\u015bci w TRX aby si\u0119 prawid\u0142owo wy\u015bwietla\u0142a na ekranie komputera. Mo\u017ce ma\u0142o przydatna opcja ale jest.<\/p>\n\n\n\n<hr class=\"wp-block-separator has-alpha-channel-opacity\"\/>\n\n\n\n<p class=\"has-medium-font-size\"><strong>4. Wyb\u00f3r j\u0119zyka<\/strong><\/p>\n\n\n\n<p>Po klikni\u0119ciu w Menu-&gt;Wybierz j\u0119zyk pojawi si\u0119 okno z kilkoma opcjami:<\/p>\n\n\n\n<figure class=\"wp-block-image size-full\"><img loading=\"lazy\" decoding=\"async\" width=\"711\" height=\"328\" src=\"https:\/\/sp4thk.elfro.pl\/wp-content\/uploads\/2024\/03\/lang.png\" alt=\"\" class=\"wp-image-211\" srcset=\"https:\/\/sp4thk.elfro.pl\/wp-content\/uploads\/2024\/03\/lang.png 711w, https:\/\/sp4thk.elfro.pl\/wp-content\/uploads\/2024\/03\/lang-300x138.png 300w\" sizes=\"auto, (max-width: 711px) 100vw, 711px\" \/><\/figure>\n\n\n\n<p>Domy\u015blnym wbudowanym w program j\u0119zykiem jest j\u0119zyk angielski. Przy pierwszym uruchomieniu program sprawdza j\u0119zyk systemu i je\u017celi jest on na li\u015bcie j\u0119zyk\u00f3w to angielski zostanie zast\u0105piony j\u0119zykiem systemu. <\/p>\n\n\n\n<p>Mo\u017cna r\u0119cznie ustali\u0107 czy ma by\u0107 j\u0119zyk wewn\u0119trzny programu czy j\u0119zyk z listy j\u0119zyk\u00f3w dodatkowych. <\/p>\n\n\n\n<p>Lista j\u0119zyk\u00f3w dodatkowych jest na razie bardzo kr\u00f3tka i zawiera jedynie j\u0119zyk polski. Je\u017celi chcesz przet\u0142umaczy\u0107 program we w\u0142asnym zakresie na inny j\u0119zyk zapraszam do wsp\u00f3\u0142pracy. <\/p>\n\n\n\n<p>Program przechowuje j\u0119zyki w podkatalogu LANGUAGES programu i s\u0105 to pliki w formacie .ini. Mo\u017cna podejrze\u0107 przyk\u0142adowy plik j\u0119zyka po Polsku, a edycja mo\u017cliwa jest w zwyk\u0142ym notatniku.<\/p>\n\n\n\n<hr class=\"wp-block-separator has-alpha-channel-opacity\"\/>\n\n\n\n<div style=\"float:left\">\n<p style=\"vertical-align:middle; text-align:left\"> \n<a href=\"https:\/\/sp4thk.elfro.pl\/index.php\/rig\/funkcje-zaawansowane\/\" style=\"vertical-align:middle\"><img decoding=\"async\" style=\"display:inline-block; vertical-align:middle\" src=\"https:\/\/sp4thk.elfro.pl\/wp-content\/uploads\/2024\/03\/Very_Small_Arrow_Right.png\"><\/a> &nbsp; \n<a href=\"https:\/\/sp4thk.elfro.pl\/index.php\/rig\/funkcje-zaawansowane\/\" style=\"vertical-align:middle\">Funkcje zaawansowane<\/a>\n<\/p><\/div>\n\n\n<div style=\"clear:both\"><\/div>\n","protected":false},"excerpt":{"rendered":"<p>1. Modu\u0142 NTP Bardzo wa\u017cna jest synchronizacja czasu szczeg\u00f3lnie dla niekt\u00f3rych transmisji cyfrowych. Program zawiera sw\u00f3j modu\u0142 synchronizacji NTP jako oddzielny program. Dwie opcje znajdziemy w Menu-&gt;Czas z serwera NTP: Pierwsza opcja uruchamia serwer NTP przy starcie programu. Robi to jednak inteligentnie. Je\u017celi synchronizacja by\u0142a wykonywana w przeci\u0105gu ostatnich 10 godzin to nie nastapi uruchomienie. [&hellip;]<\/p>\n","protected":false},"author":1,"featured_media":0,"parent":52,"menu_order":0,"comment_status":"closed","ping_status":"closed","template":"","meta":{"footnotes":""},"class_list":["post-189","page","type-page","status-publish","hentry"],"_links":{"self":[{"href":"https:\/\/sp4thk.elfro.pl\/index.php\/wp-json\/wp\/v2\/pages\/189","targetHints":{"allow":["GET"]}}],"collection":[{"href":"https:\/\/sp4thk.elfro.pl\/index.php\/wp-json\/wp\/v2\/pages"}],"about":[{"href":"https:\/\/sp4thk.elfro.pl\/index.php\/wp-json\/wp\/v2\/types\/page"}],"author":[{"embeddable":true,"href":"https:\/\/sp4thk.elfro.pl\/index.php\/wp-json\/wp\/v2\/users\/1"}],"replies":[{"embeddable":true,"href":"https:\/\/sp4thk.elfro.pl\/index.php\/wp-json\/wp\/v2\/comments?post=189"}],"version-history":[{"count":33,"href":"https:\/\/sp4thk.elfro.pl\/index.php\/wp-json\/wp\/v2\/pages\/189\/revisions"}],"predecessor-version":[{"id":1653,"href":"https:\/\/sp4thk.elfro.pl\/index.php\/wp-json\/wp\/v2\/pages\/189\/revisions\/1653"}],"up":[{"embeddable":true,"href":"https:\/\/sp4thk.elfro.pl\/index.php\/wp-json\/wp\/v2\/pages\/52"}],"wp:attachment":[{"href":"https:\/\/sp4thk.elfro.pl\/index.php\/wp-json\/wp\/v2\/media?parent=189"}],"curies":[{"name":"wp","href":"https:\/\/api.w.org\/{rel}","templated":true}]}}