{"id":2,"date":"2024-03-11T18:46:28","date_gmt":"2024-03-11T18:46:28","guid":{"rendered":"http:\/\/sp4thk.elfro.pl\/?page_id=2"},"modified":"2026-01-01T19:30:31","modified_gmt":"2026-01-01T18:30:31","slug":"sample-page","status":"publish","type":"page","link":"https:\/\/sp4thk.elfro.pl\/","title":{"rendered":"Home"},"content":{"rendered":"\n<p>Kr\u00f3tkofalarstwem zajmowa\u0142em si\u0119 od szko\u0142y \u015bredniej w latach 90. Potem nast\u0105pi\u0142a d\u0142uga przerwa aby teraz po latach powr\u00f3ci\u0107 do hobby. Zainteresowa\u0142em si\u0119 aktywacjami terenowymi. Okaza\u0142o si\u0119, \u017ce logowanie \u0142\u0105czno\u015bci w aktywacjach terenowych i ich wysy\u0142anie jest nieintuicyjne i czasoch\u0142onne. Postanowi\u0142em to troch\u0119 poprawi\u0107 i tak powsta\u0142 m\u00f3j niewielki program <strong>Rig And Log<\/strong> do logowania \u0142\u0105czno\u015bci, sterowania radiem i nie tylko, kt\u00f3ry z czasem rozr\u00f3s\u0142 si\u0119 do pe\u0142noprawnego LogBooka.<\/p>\n\n\n\n<figure data-wp-context=\"{&quot;imageId&quot;:&quot;69d6fd190831c&quot;}\" data-wp-interactive=\"core\/image\" data-wp-key=\"69d6fd190831c\" class=\"wp-block-image size-full wp-lightbox-container\"><img loading=\"lazy\" decoding=\"async\" width=\"1255\" height=\"671\" data-wp-class--hide=\"state.isContentHidden\" data-wp-class--show=\"state.isContentVisible\" data-wp-init=\"callbacks.setButtonStyles\" data-wp-on--click=\"actions.showLightbox\" data-wp-on--load=\"callbacks.setButtonStyles\" data-wp-on-window--resize=\"callbacks.setButtonStyles\" src=\"https:\/\/sp4thk.elfro.pl\/wp-content\/uploads\/2025\/02\/LogBookPL-1.png\" alt=\"\" class=\"wp-image-1033\" srcset=\"https:\/\/sp4thk.elfro.pl\/wp-content\/uploads\/2025\/02\/LogBookPL-1.png 1255w, https:\/\/sp4thk.elfro.pl\/wp-content\/uploads\/2025\/02\/LogBookPL-1-300x160.png 300w, https:\/\/sp4thk.elfro.pl\/wp-content\/uploads\/2025\/02\/LogBookPL-1-1024x547.png 1024w, https:\/\/sp4thk.elfro.pl\/wp-content\/uploads\/2025\/02\/LogBookPL-1-768x411.png 768w\" sizes=\"auto, (max-width: 1255px) 100vw, 1255px\" \/><button\n\t\t\tclass=\"lightbox-trigger\"\n\t\t\ttype=\"button\"\n\t\t\taria-haspopup=\"dialog\"\n\t\t\taria-label=\"Powi\u0119ksz\"\n\t\t\tdata-wp-init=\"callbacks.initTriggerButton\"\n\t\t\tdata-wp-on--click=\"actions.showLightbox\"\n\t\t\tdata-wp-style--right=\"state.imageButtonRight\"\n\t\t\tdata-wp-style--top=\"state.imageButtonTop\"\n\t\t>\n\t\t\t<svg xmlns=\"http:\/\/www.w3.org\/2000\/svg\" width=\"12\" height=\"12\" fill=\"none\" viewBox=\"0 0 12 12\">\n\t\t\t\t<path fill=\"#fff\" d=\"M2 0a2 2 0 0 0-2 2v2h1.5V2a.5.5 0 0 1 .5-.5h2V0H2Zm2 10.5H2a.5.5 0 0 1-.5-.5V8H0v2a2 2 0 0 0 2 2h2v-1.5ZM8 12v-1.5h2a.5.5 0 0 0 .5-.5V8H12v2a2 2 0 0 1-2 2H8Zm2-12a2 2 0 0 1 2 2v2h-1.5V2a.5.5 0 0 0-.5-.5H8V0h2Z\" \/>\n\t\t\t<\/svg>\n\t\t<\/button><\/figure>\n\n\n\n<figure class=\"wp-block-image size-large\"><img decoding=\"async\" src=\"https:\/\/sp4thk.elfro.pl\/wp-content\/uploads\/2024\/03\/RigAndLog.png\" alt=\"\"\/><\/figure>\n\n\n\n<p>Podstawowe funkcje programu:<\/p>\n\n\n\n<ul class=\"wp-block-list\">\n<li><strong>Lekki<\/strong> &#8211; ok 15MB do \u015bci\u0105gniecia.<\/li>\n\n\n\n<li><strong>Przeno\u015bny<\/strong> &#8211; nie potrzebuje instalacji wszystkie dane przechowuje w swoim folderze. Mo\u017cna przenosi\u0107 na pendrive<\/li>\n\n\n\n<li><strong>Szybki<\/strong> &#8211; nie wykorzystuje powolnych baz danych zapisuje bezpo\u015brednio do pliku w formacie CSV.  <\/li>\n\n\n\n<li><strong>\u0141atwa konfiguracja<\/strong> &#8211; Cho\u0107 opcji jest du\u017co to wystarczy poda\u0107 Grid i Znak aby m\u00f3c dzia\u0142a\u0107.<\/li>\n\n\n\n<li><strong>Dzia\u0142a na starym sprz\u0119cie<\/strong> &#8211; do pracy wystarczy Windows 7 z Net 4.7.2 o rozdzielczo\u015bci 1280&#215;720 cho\u0107 wi\u0119ksza jest zalecana<\/li>\n<\/ul>\n\n\n\n<ul class=\"wp-block-list\">\n<li><strong>Wsp\u00f3\u0142praca z Omnirig  i Hamlib <\/strong>pobieranie\/ustawianie informacji o cz\u0119stotliwo\u015bci i innych parametr\u00f3w z radia<\/li>\n\n\n\n<li><strong>Zaawansowane sterowanie niekt\u00f3rymi wybranymi modelami transceiver\u00f3w<\/strong> (tylko poprzez Omnirig)<\/li>\n\n\n\n<li><strong>Ustawianie czasu<\/strong> z serwera NTP<\/li>\n\n\n\n<li><strong>Modu\u0142 Wideo Grabbera<\/strong> (Kamery)<\/li>\n\n\n\n<li><strong>LogBook<\/strong> dostosowany do aktywacji terenowych &#8211; mo\u017cliwo\u015b\u0107 \u0142\u0105czenia program\u00f3w (POTA, SOTA, itd.)\n<ul class=\"wp-block-list\">\n<li><strong>Wiele logbook\u00f3w<\/strong>&#8211; mo\u017cna ustawi\u0107 na ka\u017cd\u0105 aktywacj\u0119 oddzielny<\/li>\n\n\n\n<li><strong>Kopiowanie wklejanie <\/strong>przenoszenie QSO pomi\u0119dzy LogBookami.<\/li>\n\n\n\n<li><strong>\u0141atwy eksport i import z szablonami<\/strong>.<\/li>\n\n\n\n<li><strong>Wsp\u00f3\u0142praca z WSJTX, JDTX i GridTrackerem<\/strong> <\/li>\n\n\n\n<li><strong>Klastry program\u00f3w POTA, SOTA, WWFF, DXSummit<\/strong>, <strong>Telnet<\/strong> &#8211; ze sterowaniem cz\u0119stotliwo\u015bci\u0105 radia po klikni\u0119ciu w SPOT<\/li>\n\n\n\n<li><strong>Uzupe\u0142nianie danych z QRZ<\/strong><\/li>\n\n\n\n<li><strong>Pobieranie wszystkich QSO z QRZ do LogBooka.<\/strong><\/li>\n\n\n\n<li><strong>Hurtowa zmiana danych &#8211;<\/strong> jednym klikiem mo\u017cemy zmieni\u0107 np tryb z FT8 na SSB we wszystkich QSO.<\/li>\n\n\n\n<li><strong>eQSL przez e-mail<\/strong> z prostym edytorem graficznym<\/li>\n\n\n\n<li><strong>wysy\u0142anie logu do QRZ<\/strong> (wymaga subskrypcji w QRZ)<\/li>\n\n\n\n<li><strong>wysy\u0142anie logu do LoTW<\/strong> (wymaga zainstalowanego TQSL z LoTW)<\/li>\n\n\n\n<li><strong>wy\u015bwietlanie QSO na mapie<\/strong> (Win10+). Podzi\u0119kowania dla Mario, DL4MFM<\/li>\n\n\n\n<li><strong>kopia logbook\u00f3w i programu i wysy\u0142anie logbooka mailem<\/strong><\/li>\n\n\n\n<li><strong>eksport\/import bezpo\u015brednio do bazy Log4OM<\/strong><\/li>\n\n\n\n<li><strong>modu\u0142 CW<\/strong> do nadawania alfabetem Morse&#8217;a<\/li>\n\n\n\n<li><strong>Sprawdzanie bie\u017c\u0105cego SWR<\/strong> (dla kompatybilnych TRX)<\/li>\n\n\n\n<li><strong>Obliczanie dystansu i wy\u015bwietlanie na mapie<\/strong><\/li>\n\n\n\n<li><strong>Logbook na mapie<\/strong><\/li>\n\n\n\n<li><strong>psk reporter na mapie<\/strong><\/li>\n\n\n\n<li><strong>Parki POTA wy\u015bwietlane na mapie<\/strong> z obliczeniem i pokazaniem dystansu mi\u0119dzy parkami<\/li>\n\n\n\n<li><strong>Rejestrator QSO<\/strong>&#8211; nagrywa QSO do plik\u00f3w audio w formacie mp3<\/li>\n<\/ul>\n<\/li>\n\n\n\n<li>i wiele innych &#8230;.<\/li>\n<\/ul>\n\n\n\n<p>Program testowano z 40 000 QSO na starym laptopie z HDD, 2GB RAM, Windows 7. Nie by\u0142o problem\u00f3w z wydajno\u015bci\u0105.<\/p>\n\n\n\n<p>Program zapewnia cz\u0119\u015bciowe<strong> wsparcie dla os\u00f3b niewidomych<\/strong> umo\u017cliwiaj\u0105c im sterowanie niekt\u00f3rymi modelami TRX z komputera. Funkcja bardzo przydatna w dobie ekran\u00f3w dotykowych i wielopoziomowych menu.<\/p>\n\n\n\n<hr class=\"wp-block-separator has-alpha-channel-opacity\"\/>\n\n\n\n<p>Minimalne wymagania programu Windows 7, .NET 4.7.2 Minimalna rozdzielczo\u015b\u0107 1280&#215;720 ale zaleca si\u0119 Full HD 1980&#215;1080 i w g\u00f3r\u0119.<\/p>\n\n\n\n<p>Programu nie trzeba instalowa\u0107 mo\u017cna go zabra\u0107 na pendrive do drugiego komputera. Nie potrzebuje baz danych. Prostota, funkcjonalno\u015b\u0107 i lekko\u015b\u0107 aplikacji. Program zajmuje oko\u0142o 20 MB na dysku, plus p\u00f3\u017aniejsze QSO i logi.<\/p>\n\n\n\n<p>Ze wzgl\u0119du na mobilno\u015b\u0107 dane log\u00f3w zapisywane s\u0105 w plikach tekstowych w formacie csv. Jest to prosty i szybki spos\u00f3b zapisu danych nie wymagaj\u0105cych filtrowania i r\u00f3\u017cnego rodzaju zapyta\u0144 do baz danych. Dane takie \u0142atwo kopiowa\u0107, oraz samemu obrabia\u0107 w notatniku lub w programach zewn\u0119trznych nawet w Excelu. Cho\u0107 nie jest to potrzebne. Dobr\u0105 praktyk\u0105 jest zapisywanie ka\u017cdej aktywacji w oddzielnym logu utworzonym na potrzeby konkretnej aktywacji. Zabezpiecza to przed awari\u0105 i przyspiesza dzia\u0142anie programu. Dlatego mo\u017cna ustawi\u0107 w programie, \u017ce przy pierwszym uruchomienie ka\u017cdego dnia z automatu b\u0119dzie si\u0119 pojawia\u0142o okno konfiguracji.<\/p>\n\n\n\n<p>Podoba Ci si\u0119 ten program? Chcesz pom\u00f3c mi go dalej rozwija\u0107? kliknij w <a href=\"https:\/\/sp4thk.elfro.pl\/index.php\/wsparcie\/\" data-type=\"page\" data-id=\"62\">Wsparcie<\/a><\/p>\n","protected":false},"excerpt":{"rendered":"<p>Kr\u00f3tkofalarstwem zajmowa\u0142em si\u0119 od szko\u0142y \u015bredniej w latach 90. Potem nast\u0105pi\u0142a d\u0142uga przerwa aby teraz po latach powr\u00f3ci\u0107 do hobby. Zainteresowa\u0142em si\u0119 aktywacjami terenowymi. Okaza\u0142o si\u0119, \u017ce logowanie \u0142\u0105czno\u015bci w aktywacjach terenowych i ich wysy\u0142anie jest nieintuicyjne i czasoch\u0142onne. Postanowi\u0142em to troch\u0119 poprawi\u0107 i tak powsta\u0142 m\u00f3j niewielki program Rig And Log do logowania \u0142\u0105czno\u015bci, [&hellip;]<\/p>\n","protected":false},"author":1,"featured_media":0,"parent":0,"menu_order":0,"comment_status":"closed","ping_status":"closed","template":"","meta":{"footnotes":""},"class_list":["post-2","page","type-page","status-publish","hentry"],"_links":{"self":[{"href":"https:\/\/sp4thk.elfro.pl\/index.php\/wp-json\/wp\/v2\/pages\/2","targetHints":{"allow":["GET"]}}],"collection":[{"href":"https:\/\/sp4thk.elfro.pl\/index.php\/wp-json\/wp\/v2\/pages"}],"about":[{"href":"https:\/\/sp4thk.elfro.pl\/index.php\/wp-json\/wp\/v2\/types\/page"}],"author":[{"embeddable":true,"href":"https:\/\/sp4thk.elfro.pl\/index.php\/wp-json\/wp\/v2\/users\/1"}],"replies":[{"embeddable":true,"href":"https:\/\/sp4thk.elfro.pl\/index.php\/wp-json\/wp\/v2\/comments?post=2"}],"version-history":[{"count":54,"href":"https:\/\/sp4thk.elfro.pl\/index.php\/wp-json\/wp\/v2\/pages\/2\/revisions"}],"predecessor-version":[{"id":1617,"href":"https:\/\/sp4thk.elfro.pl\/index.php\/wp-json\/wp\/v2\/pages\/2\/revisions\/1617"}],"wp:attachment":[{"href":"https:\/\/sp4thk.elfro.pl\/index.php\/wp-json\/wp\/v2\/media?parent=2"}],"curies":[{"name":"wp","href":"https:\/\/api.w.org\/{rel}","templated":true}]}}