{"id":3,"date":"2024-03-11T18:46:28","date_gmt":"2024-03-11T18:46:28","guid":{"rendered":"http:\/\/sp4thk.elfro.pl\/?page_id=3"},"modified":"2026-01-13T23:23:55","modified_gmt":"2026-01-13T22:23:55","slug":"privacy-policy","status":"publish","type":"page","link":"https:\/\/sp4thk.elfro.pl\/index.php\/privacy-policy\/","title":{"rendered":"Polityka prywatno\u015bci"},"content":{"rendered":"\n<p>1. Informacje og\u00f3lne<\/p>\n\n\n\n<p>Strona ma charakter hobbystyczny. Administrator strony nie prowadzi rejestracji u\u017cytkownik\u00f3w, nie zbiera danych osobowych, nie prowadzi profilowania ani dzia\u0142a\u0144 marketingowych.<\/p>\n\n\n\n<hr class=\"wp-block-separator has-alpha-channel-opacity\"\/>\n\n\n\n<h3 class=\"wp-block-heading\">2. Dane osobowe<\/h3>\n\n\n\n<p>Administrator nie zbiera i nie przetwarza danych osobowych u\u017cytkownik\u00f3w w rozumieniu Rozporz\u0105dzenia Parlamentu Europejskiego i Rady (UE) 2016\/679 (RODO).<\/p>\n\n\n\n<hr class=\"wp-block-separator has-alpha-channel-opacity\"\/>\n\n\n\n<h3 class=\"wp-block-heading\">3. Pliki cookies<\/h3>\n\n\n\n<p>Strona wykorzystuje wy\u0142\u0105cznie niezb\u0119dne pliki cookies techniczne WordPressa, kt\u00f3re s\u0105 konieczne do jej prawid\u0142owego dzia\u0142ania (np. obs\u0142uga sesji administratora).<br>Pliki cookies nie s\u0105 wykorzystywane do cel\u00f3w analitycznych, statystycznych ani marketingowych.<\/p>\n\n\n\n<p>U\u017cytkownik mo\u017ce samodzielnie zarz\u0105dza\u0107 plikami cookies poprzez ustawienia swojej przegl\u0105darki internetowej.<\/p>\n\n\n\n<hr class=\"wp-block-separator has-alpha-channel-opacity\"\/>\n\n\n\n<h3 class=\"wp-block-heading\">4. Zewn\u0119trzne serwisy<\/h3>\n\n\n\n<p>Na stronie mo\u017ce by\u0107 wy\u015bwietlana mapa Google (Google Maps), udost\u0119pniana na zasadach licencji Google LLC. Korzystanie z mapy mo\u017ce wi\u0105za\u0107 si\u0119 z wykorzystaniem plik\u00f3w cookies przez Google zgodnie z ich polityk\u0105 prywatno\u015bci.<\/p>\n\n\n\n<hr class=\"wp-block-separator has-alpha-channel-opacity\"\/>\n\n\n\n<h3 class=\"wp-block-heading\">5. Zmiany<\/h3>\n\n\n\n<p>Administrator zastrzega sobie prawo do aktualizacji niniejszej informacji w przypadku zmian w przepisach prawa lub funkcjonowaniu strony.<\/p>\n","protected":false},"excerpt":{"rendered":"<p>1. Informacje og\u00f3lne Strona ma charakter hobbystyczny. Administrator strony nie prowadzi rejestracji u\u017cytkownik\u00f3w, nie zbiera danych osobowych, nie prowadzi profilowania ani dzia\u0142a\u0144 marketingowych. 2. Dane osobowe Administrator nie zbiera i nie przetwarza danych osobowych u\u017cytkownik\u00f3w w rozumieniu Rozporz\u0105dzenia Parlamentu Europejskiego i Rady (UE) 2016\/679 (RODO). 3. Pliki cookies Strona wykorzystuje wy\u0142\u0105cznie niezb\u0119dne pliki cookies techniczne [&hellip;]<\/p>\n","protected":false},"author":1,"featured_media":0,"parent":0,"menu_order":0,"comment_status":"closed","ping_status":"closed","template":"","meta":{"footnotes":""},"class_list":["post-3","page","type-page","status-publish","hentry"],"_links":{"self":[{"href":"https:\/\/sp4thk.elfro.pl\/index.php\/wp-json\/wp\/v2\/pages\/3","targetHints":{"allow":["GET"]}}],"collection":[{"href":"https:\/\/sp4thk.elfro.pl\/index.php\/wp-json\/wp\/v2\/pages"}],"about":[{"href":"https:\/\/sp4thk.elfro.pl\/index.php\/wp-json\/wp\/v2\/types\/page"}],"author":[{"embeddable":true,"href":"https:\/\/sp4thk.elfro.pl\/index.php\/wp-json\/wp\/v2\/users\/1"}],"replies":[{"embeddable":true,"href":"https:\/\/sp4thk.elfro.pl\/index.php\/wp-json\/wp\/v2\/comments?post=3"}],"version-history":[{"count":4,"href":"https:\/\/sp4thk.elfro.pl\/index.php\/wp-json\/wp\/v2\/pages\/3\/revisions"}],"predecessor-version":[{"id":1899,"href":"https:\/\/sp4thk.elfro.pl\/index.php\/wp-json\/wp\/v2\/pages\/3\/revisions\/1899"}],"wp:attachment":[{"href":"https:\/\/sp4thk.elfro.pl\/index.php\/wp-json\/wp\/v2\/media?parent=3"}],"curies":[{"name":"wp","href":"https:\/\/api.w.org\/{rel}","templated":true}]}}