{"id":46,"date":"2024-03-12T08:20:47","date_gmt":"2024-03-12T07:20:47","guid":{"rendered":"https:\/\/sp4thk.elfro.pl\/?page_id=46"},"modified":"2026-01-01T19:53:15","modified_gmt":"2026-01-01T18:53:15","slug":"instalacja","status":"publish","type":"page","link":"https:\/\/sp4thk.elfro.pl\/index.php\/instalacja\/","title":{"rendered":"Instalacja i uruchomienie"},"content":{"rendered":"\n<p>Programu nie trzeba instalowa\u0107 wystarczy go pobra\u0107 z dzia\u0142u <a href=\"https:\/\/sp4thk.elfro.pl\/index.php\/download\/\" data-type=\"page\" data-id=\"48\">Download<\/a> rozpakowa\u0107 i uruchomi\u0107. Mo\u017cna go tak\u017ce przenosi\u0107 na inny sprz\u0119t np. na pendrive wraz z ca\u0142\u0105 konfiguracj\u0105 logami itd. Kopie zapasowe te\u017c nie stanowi\u0105 problemu. Mo\u017cna tak\u017ce u\u017cy\u0107 wygodnego instalatora dost\u0119pnego w dziale download. W tym samym dziale opisane s\u0105 te\u017c dodatkowe informacje i zalecenia dotycz\u0105ce uruchomienia pobranych plik\u00f3w.<\/p>\n\n\n\n<p>Minimalna rozdzielczo\u015b\u0107 <strong>1280&#215;720<\/strong> ale zalecane Full HD <strong>1920&#215;1080<\/strong> lub wi\u0119cej.<\/p>\n\n\n\n<p>Do uruchomienia wymagany jest <strong>.Net w wersji 4.7.2<\/strong>. Je\u017celi nie jest zainstalowany to przy pr\u00f3bie uruchomienia pojawi si\u0119 odpowiednie okno sk\u0105d b\u0119dzie mo\u017cna go pobra\u0107. Program dzia\u0142a w <strong>Windows od wersji 7<\/strong> a tak\u017ce pod <strong>Linuksem<\/strong> !!! Instrukcja instalacji w Linuksie znajduje si\u0119 pod tym linkiem: <a href=\"https:\/\/sp4thk.elfro.pl\/index.php\/konfiguracja-w-linuksie\/\" data-type=\"page\" data-id=\"1177\">Instalacja i konfiguracja w Linuksie<\/a><\/p>\n\n\n\n<p>Program ma wiele funkcjonalno\u015bci i mo\u017cna go w r\u00f3\u017cny spos\u00f3b wykorzystywa\u0107. <\/p>\n\n\n\n<p>Podczas pierwszego uruchomienia wy\u015bwietl\u0105 si\u0119 dwa okienka. Pierwsze z informacj\u0105 o programie drugie z bardzo podstawow\u0105 konfiguracj\u0105. Jedyne wymagane pole to <strong>Znak.<\/strong><\/p>\n\n\n\n<figure class=\"wp-block-gallery has-nested-images columns-default wp-block-gallery-1 is-layout-flex wp-block-gallery-is-layout-flex\">\n<figure data-wp-context=\"{&quot;imageId&quot;:&quot;69db9c3b9b50c&quot;}\" data-wp-interactive=\"core\/image\" data-wp-key=\"69db9c3b9b50c\" class=\"wp-block-image size-large wp-lightbox-container\"><img loading=\"lazy\" decoding=\"async\" width=\"951\" height=\"657\" data-wp-class--hide=\"state.isContentHidden\" data-wp-class--show=\"state.isContentVisible\" data-wp-init=\"callbacks.setButtonStyles\" data-wp-on--click=\"actions.showLightbox\" data-wp-on--load=\"callbacks.setButtonStyles\" data-wp-on-window--resize=\"callbacks.setButtonStyles\" data-id=\"1295\" src=\"https:\/\/sp4thk.elfro.pl\/wp-content\/uploads\/2025\/11\/About2.png\" alt=\"\" class=\"wp-image-1295\" srcset=\"https:\/\/sp4thk.elfro.pl\/wp-content\/uploads\/2025\/11\/About2.png 951w, https:\/\/sp4thk.elfro.pl\/wp-content\/uploads\/2025\/11\/About2-300x207.png 300w, https:\/\/sp4thk.elfro.pl\/wp-content\/uploads\/2025\/11\/About2-768x531.png 768w\" sizes=\"auto, (max-width: 951px) 100vw, 951px\" \/><button\n\t\t\tclass=\"lightbox-trigger\"\n\t\t\ttype=\"button\"\n\t\t\taria-haspopup=\"dialog\"\n\t\t\taria-label=\"Powi\u0119ksz\"\n\t\t\tdata-wp-init=\"callbacks.initTriggerButton\"\n\t\t\tdata-wp-on--click=\"actions.showLightbox\"\n\t\t\tdata-wp-style--right=\"state.imageButtonRight\"\n\t\t\tdata-wp-style--top=\"state.imageButtonTop\"\n\t\t>\n\t\t\t<svg xmlns=\"http:\/\/www.w3.org\/2000\/svg\" width=\"12\" height=\"12\" fill=\"none\" viewBox=\"0 0 12 12\">\n\t\t\t\t<path fill=\"#fff\" d=\"M2 0a2 2 0 0 0-2 2v2h1.5V2a.5.5 0 0 1 .5-.5h2V0H2Zm2 10.5H2a.5.5 0 0 1-.5-.5V8H0v2a2 2 0 0 0 2 2h2v-1.5ZM8 12v-1.5h2a.5.5 0 0 0 .5-.5V8H12v2a2 2 0 0 1-2 2H8Zm2-12a2 2 0 0 1 2 2v2h-1.5V2a.5.5 0 0 0-.5-.5H8V0h2Z\" \/>\n\t\t\t<\/svg>\n\t\t<\/button><\/figure>\n\n\n\n<figure data-wp-context=\"{&quot;imageId&quot;:&quot;69db9c3b9bb7f&quot;}\" data-wp-interactive=\"core\/image\" data-wp-key=\"69db9c3b9bb7f\" class=\"wp-block-image size-full wp-lightbox-container\"><img loading=\"lazy\" decoding=\"async\" width=\"912\" height=\"700\" data-wp-class--hide=\"state.isContentHidden\" data-wp-class--show=\"state.isContentVisible\" data-wp-init=\"callbacks.setButtonStyles\" data-wp-on--click=\"actions.showLightbox\" data-wp-on--load=\"callbacks.setButtonStyles\" data-wp-on-window--resize=\"callbacks.setButtonStyles\" data-id=\"1499\" src=\"https:\/\/sp4thk.elfro.pl\/wp-content\/uploads\/2025\/11\/FirstRun-1.png\" alt=\"\" class=\"wp-image-1499\" srcset=\"https:\/\/sp4thk.elfro.pl\/wp-content\/uploads\/2025\/11\/FirstRun-1.png 912w, https:\/\/sp4thk.elfro.pl\/wp-content\/uploads\/2025\/11\/FirstRun-1-300x230.png 300w, https:\/\/sp4thk.elfro.pl\/wp-content\/uploads\/2025\/11\/FirstRun-1-768x589.png 768w\" sizes=\"auto, (max-width: 912px) 100vw, 912px\" \/><button\n\t\t\tclass=\"lightbox-trigger\"\n\t\t\ttype=\"button\"\n\t\t\taria-haspopup=\"dialog\"\n\t\t\taria-label=\"Powi\u0119ksz\"\n\t\t\tdata-wp-init=\"callbacks.initTriggerButton\"\n\t\t\tdata-wp-on--click=\"actions.showLightbox\"\n\t\t\tdata-wp-style--right=\"state.imageButtonRight\"\n\t\t\tdata-wp-style--top=\"state.imageButtonTop\"\n\t\t>\n\t\t\t<svg xmlns=\"http:\/\/www.w3.org\/2000\/svg\" width=\"12\" height=\"12\" fill=\"none\" viewBox=\"0 0 12 12\">\n\t\t\t\t<path fill=\"#fff\" d=\"M2 0a2 2 0 0 0-2 2v2h1.5V2a.5.5 0 0 1 .5-.5h2V0H2Zm2 10.5H2a.5.5 0 0 1-.5-.5V8H0v2a2 2 0 0 0 2 2h2v-1.5ZM8 12v-1.5h2a.5.5 0 0 0 .5-.5V8H12v2a2 2 0 0 1-2 2H8Zm2-12a2 2 0 0 1 2 2v2h-1.5V2a.5.5 0 0 0-.5-.5H8V0h2Z\" \/>\n\t\t\t<\/svg>\n\t\t<\/button><\/figure>\n<\/figure>\n\n\n\n<p>Pozosta\u0142e istotne opcje to czy b\u0119dziemy u\u017cywali samego LogBooka czy te\u017c chcemy sterowa\u0107 radiem. Domy\u015blnie dla uproszczenia i dla tych co jeszcze nie wiedz\u0105 co i jak lub chc\u0105 szybko potestowa\u0107 program ustawiona jest opcja samego LogBooka. Warto o tym pami\u0119ta\u0107 !<\/p>\n\n\n\n<p>Drugi wyb\u00f3r to czy chcemy u\u017cywa\u0107 program\u00f3w POTA\/SOTA itd.. je\u015bli nie to czy zamiast p\u00f3l do wype\u0142niania, kt\u00f3rych nigdy nie b\u0119dziemy u\u017cywa\u0107 mo\u017ce lepiej aby program pokazywa\u0142 statystyki po\u0142\u0105cze\u0144. Tu mo\u017cna to w\u0142\u0105czy\u0107.<\/p>\n\n\n\n<p>Dalej mamy czy po uruchomieniu programu chcemy go po uruchomieniu dalej szczeg\u00f3\u0142owo konfigurowa\u0107, oraz czy u\u017cywa\u0107 stylu wizualnego. Je\u017celi mamy s\u0142aby stary komputer, u\u017cywamy pulpitu zdalnego lub jeste\u015bmy w Linuksie i u\u017cywamy Wine do wy\u015bwietlania aplikacji windowsowych warto rozwa\u017cy\u0107 wy\u0142\u0105czenie stylu wizualnego.<\/p>\n\n\n\n<p>Klikamy <strong>OK<\/strong>.<\/p>\n\n\n\n<p>Je\u017celi wybrana by\u0142a opcja <strong>u\u017cywaj LogBooka i obs\u0142ugi TRX<\/strong> to podstawowym oknem, kt\u00f3re otwiera si\u0119 automatycznie jest okno kontroli transceivera.<\/p>\n\n\n\n<figure class=\"wp-block-image size-full\"><img loading=\"lazy\" decoding=\"async\" width=\"666\" height=\"237\" src=\"https:\/\/sp4thk.elfro.pl\/wp-content\/uploads\/2024\/03\/RigAndLog.png\" alt=\"\" class=\"wp-image-6\" srcset=\"https:\/\/sp4thk.elfro.pl\/wp-content\/uploads\/2024\/03\/RigAndLog.png 666w, https:\/\/sp4thk.elfro.pl\/wp-content\/uploads\/2024\/03\/RigAndLog-300x107.png 300w\" sizes=\"auto, (max-width: 666px) 100vw, 666px\" \/><\/figure>\n\n\n\n<p>Program wsp\u00f3\u0142pracuje z dwoma popularnymi programami :<\/p>\n\n\n\n<ul class=\"wp-block-list\">\n<li>Omnirig do pobrania st\u0105d: <a href=\"https:\/\/www.dxatlas.com\/omnirig\/\">https:\/\/www.dxatlas.com\/omnirig\/<\/a><\/li>\n\n\n\n<li>Hamlib do pobrania st\u0105d: <a href=\"https:\/\/sourceforge.net\/projects\/hamlib\/\">https:\/\/sourceforge.net\/projects\/hamlib\/<\/a><\/li>\n<\/ul>\n\n\n\n<p>Pliki z obu projekt\u00f3w zosta\u0142y zawarte wraz z programem i znajduj\u0105 si\u0119 w swoich folderach w programie (hamlib_32 lub 64 i OmniRig)<\/p>\n\n\n\n<p>Po pobraniu nale\u017cy je skonfigurowa\u0107 do pracy z urz\u0105dzeniami jakie posiadamy.<\/p>\n\n\n\n<hr class=\"wp-block-separator has-alpha-channel-opacity\"\/>\n\n\n\n<p>Gdy wybierzemy Omnirig do sterowania ale go nie zainstalujemy to program przy uruchomieniu z kontrol\u0105 TRX poka\u017ce b\u0142\u0105d. Jego dzia\u0142anie b\u0119dzie ograniczone. Jednak dost\u0119pne b\u0119dzie wej\u015bcie do menu i skonfigurowanie do pracy jako LogBook oraz b\u0119dzie mozliwa konfiguracja i wyb\u00f3r starowania Omnirig\/Hamlib. Pojawi si\u0119 okno z ostrze\u017ceniem:<\/p>\n\n\n\n<figure data-wp-context=\"{&quot;imageId&quot;:&quot;69db9c3b9c8b6&quot;}\" data-wp-interactive=\"core\/image\" data-wp-key=\"69db9c3b9c8b6\" class=\"wp-block-image size-full wp-lightbox-container\"><img loading=\"lazy\" decoding=\"async\" width=\"878\" height=\"566\" data-wp-class--hide=\"state.isContentHidden\" data-wp-class--show=\"state.isContentVisible\" data-wp-init=\"callbacks.setButtonStyles\" data-wp-on--click=\"actions.showLightbox\" data-wp-on--load=\"callbacks.setButtonStyles\" data-wp-on-window--resize=\"callbacks.setButtonStyles\" src=\"https:\/\/sp4thk.elfro.pl\/wp-content\/uploads\/2025\/11\/BigError.png\" alt=\"\" class=\"wp-image-1501\" srcset=\"https:\/\/sp4thk.elfro.pl\/wp-content\/uploads\/2025\/11\/BigError.png 878w, https:\/\/sp4thk.elfro.pl\/wp-content\/uploads\/2025\/11\/BigError-300x193.png 300w, https:\/\/sp4thk.elfro.pl\/wp-content\/uploads\/2025\/11\/BigError-768x495.png 768w\" sizes=\"auto, (max-width: 878px) 100vw, 878px\" \/><button\n\t\t\tclass=\"lightbox-trigger\"\n\t\t\ttype=\"button\"\n\t\t\taria-haspopup=\"dialog\"\n\t\t\taria-label=\"Powi\u0119ksz\"\n\t\t\tdata-wp-init=\"callbacks.initTriggerButton\"\n\t\t\tdata-wp-on--click=\"actions.showLightbox\"\n\t\t\tdata-wp-style--right=\"state.imageButtonRight\"\n\t\t\tdata-wp-style--top=\"state.imageButtonTop\"\n\t\t>\n\t\t\t<svg xmlns=\"http:\/\/www.w3.org\/2000\/svg\" width=\"12\" height=\"12\" fill=\"none\" viewBox=\"0 0 12 12\">\n\t\t\t\t<path fill=\"#fff\" d=\"M2 0a2 2 0 0 0-2 2v2h1.5V2a.5.5 0 0 1 .5-.5h2V0H2Zm2 10.5H2a.5.5 0 0 1-.5-.5V8H0v2a2 2 0 0 0 2 2h2v-1.5ZM8 12v-1.5h2a.5.5 0 0 0 .5-.5V8H12v2a2 2 0 0 1-2 2H8Zm2-12a2 2 0 0 1 2 2v2h-1.5V2a.5.5 0 0 0-.5-.5H8V0h2Z\" \/>\n\t\t\t<\/svg>\n\t\t<\/button><\/figure>\n\n\n\n<p>Mo\u017cna tutaj wybra\u0107 kilka widocznych powy\u017cej opcji . Najlepiej p\u00f3\u017aniej uruchomi\u0107 program od nowa.<\/p>\n\n\n\n<hr class=\"wp-block-separator has-alpha-channel-opacity\"\/>\n\n\n\n<p>Z okna kontroli TRX(RIG) przez <strong>menu<\/strong> mo\u017cna otworzy\u0107 okno z LogBookiem. Je\u017celi chcemy aby by\u0142o ono domy\u015blne i nie b\u0119dziemy sterowa\u0107 transceiverem to w opcjach okna LogBooka mo\u017cna to zmieni\u0107.<\/p>\n\n\n\n<p>Dodatkowo na skr\u00f3ty mo\u017cna uruchomi\u0107 program z odpowiednimi komendami z linii polece\u0144:<\/p>\n\n\n\n<ul class=\"wp-block-list\">\n<li><strong>RigAndLog_SP4THK.exe \/RIG <\/strong>&#8211; standardowe domy\u015blne uruchomienie <\/li>\n\n\n\n<li><strong>RigAndLog_SP4THK.exe \/LOG<\/strong> &#8211; domy\u015blnie uruchamia si\u0119 LogBook<\/li>\n\n\n\n<li><strong>RigAndLog_SP4THK.exe \/blindMode<\/strong> &#8211; domy\u015blnie uruchamia si\u0119 RIG i w\u0142\u0105cza opcja dla niewidomych o ile nie wyst\u0105pi\u0142 b\u0142\u0105d powy\u017cej.<\/li>\n<\/ul>\n\n\n\n<p>Te trzy opcje zdefiniowane s\u0105 ju\u017c w plikach bat:<\/p>\n\n\n\n<ul class=\"wp-block-list\">\n<li><strong>AutoRigMode.bat<\/strong><\/li>\n\n\n\n<li><strong>AutoLogMode.bat<\/strong><\/li>\n\n\n\n<li><strong>AutoBlindMode.bat<\/strong><\/li>\n<\/ul>\n\n\n\n<p>Wystarczy wybra\u0107 odpowiedni plik.<\/p>\n\n\n\n<hr class=\"wp-block-separator has-alpha-channel-opacity\"\/>\n\n\n\n<p>Omnirig posiada  ustawienia do pod\u0142\u0105czenia maksymalnie dw\u00f3ch urz\u0105dze\u0144. Ka\u017cde urz\u0105dzenie ma swoje niezale\u017cne ustawienia RIG1 i RIG 2<\/p>\n\n\n\n<p>Nale\u017cy odpowiednio skonfigurowa\u0107 ustawienia w programie Omniring. Je\u017celi tw\u00f3j transceiver nie wyst\u0119puje na li\u015bcie spr\u00f3buj wybra\u0107 podobny tego samego producenta.<\/p>\n\n\n\n<div>\n<div style=\"float:left; margin:10px 15px 0 0\"> <img decoding=\"async\" src=\"https:\/\/sp4thk.elfro.pl\/wp-content\/uploads\/2024\/03\/Very_Small_Symbol_Exclamati.png\">\n<\/div>\n<div style=\"float:left;margin:15px 15px 0 0;font-size:30px\"><strong>UWAGA !!!<\/strong><\/div>\n<\/div> <div style=\"clear:both\"><\/div>\n\n\n\n<p>Niekt\u00f3re Transceivery np ICOM do transmisji u\u017cywaj\u0105 identyfikator\u00f3w jest to ID radia i ID komputera. Dla bezpiecze\u0144stwa pozostaw je fabryczne. Omnirig nie po\u0142\u0105czy si\u0119 z niestandardowym ID. Mo\u017cna to jednak zmieni\u0107 r\u0119cznie w plikach konfiguracyjnych tego programu (ini).<\/p>\n\n\n\n<p>Je\u017celi wybierzesz inny model transceivera bo twojego nie ma na li\u015bcie tak\u017ce sprawd\u017a adresy ID.<\/p>\n\n\n\n<p>To r\u00f3wnie\u017c dotyczy tego programu z tym, \u017ce tu jest opcja ustawienia obu ID z jego poziomu bez r\u0119cznego szukania w plikach ini. Konfiguracja ma zasi\u0119g lokalny i nie widzi jej Omnirig.<\/p>\n\n\n\n<p><strong>Wszystkie trzy miejsca z ID tj: urz\u0105dzenie, omnirig i ten program musz\u0105 mie\u0107 wpisane identyczne warto\u015bci.<\/strong><\/p>\n\n\n\n<hr class=\"wp-block-separator has-alpha-channel-opacity is-style-wide\"\/>\n\n\n\n<p>Oczywi\u015bcie je\u017celi nie zaznaczyli\u015bmy wsp\u00f3\u0142pracy z transceiverem to g\u0142\u00f3wnym oknem programu b\u0119dzie sam LogBook. Jego wygl\u0105d b\u0119dzie si\u0119 r\u00f3\u017cni\u0142 w zale\u017cno\u015bci od wybranego stylu w okienku konfiguracyjnym.<\/p>\n\n\n\n<figure class=\"wp-block-gallery has-nested-images columns-default wp-block-gallery-2 is-layout-flex wp-block-gallery-is-layout-flex\">\n<figure data-wp-context=\"{&quot;imageId&quot;:&quot;69db9c3b9d403&quot;}\" data-wp-interactive=\"core\/image\" data-wp-key=\"69db9c3b9d403\" class=\"wp-block-image size-large wp-lightbox-container\"><img loading=\"lazy\" decoding=\"async\" width=\"1024\" height=\"546\" data-wp-class--hide=\"state.isContentHidden\" data-wp-class--show=\"state.isContentVisible\" data-wp-init=\"callbacks.setButtonStyles\" data-wp-on--click=\"actions.showLightbox\" data-wp-on--load=\"callbacks.setButtonStyles\" data-wp-on-window--resize=\"callbacks.setButtonStyles\" data-id=\"1296\" src=\"https:\/\/sp4thk.elfro.pl\/wp-content\/uploads\/2025\/11\/LogBook1-1024x546.png\" alt=\"\" class=\"wp-image-1296\" srcset=\"https:\/\/sp4thk.elfro.pl\/wp-content\/uploads\/2025\/11\/LogBook1-1024x546.png 1024w, https:\/\/sp4thk.elfro.pl\/wp-content\/uploads\/2025\/11\/LogBook1-300x160.png 300w, https:\/\/sp4thk.elfro.pl\/wp-content\/uploads\/2025\/11\/LogBook1-768x409.png 768w, https:\/\/sp4thk.elfro.pl\/wp-content\/uploads\/2025\/11\/LogBook1.png 1253w\" sizes=\"auto, (max-width: 1024px) 100vw, 1024px\" \/><button\n\t\t\tclass=\"lightbox-trigger\"\n\t\t\ttype=\"button\"\n\t\t\taria-haspopup=\"dialog\"\n\t\t\taria-label=\"Powi\u0119ksz\"\n\t\t\tdata-wp-init=\"callbacks.initTriggerButton\"\n\t\t\tdata-wp-on--click=\"actions.showLightbox\"\n\t\t\tdata-wp-style--right=\"state.imageButtonRight\"\n\t\t\tdata-wp-style--top=\"state.imageButtonTop\"\n\t\t>\n\t\t\t<svg xmlns=\"http:\/\/www.w3.org\/2000\/svg\" width=\"12\" height=\"12\" fill=\"none\" viewBox=\"0 0 12 12\">\n\t\t\t\t<path fill=\"#fff\" d=\"M2 0a2 2 0 0 0-2 2v2h1.5V2a.5.5 0 0 1 .5-.5h2V0H2Zm2 10.5H2a.5.5 0 0 1-.5-.5V8H0v2a2 2 0 0 0 2 2h2v-1.5ZM8 12v-1.5h2a.5.5 0 0 0 .5-.5V8H12v2a2 2 0 0 1-2 2H8Zm2-12a2 2 0 0 1 2 2v2h-1.5V2a.5.5 0 0 0-.5-.5H8V0h2Z\" \/>\n\t\t\t<\/svg>\n\t\t<\/button><\/figure>\n\n\n\n<figure data-wp-context=\"{&quot;imageId&quot;:&quot;69db9c3b9d98b&quot;}\" data-wp-interactive=\"core\/image\" data-wp-key=\"69db9c3b9d98b\" class=\"wp-block-image size-large wp-lightbox-container\"><img loading=\"lazy\" decoding=\"async\" width=\"1024\" height=\"546\" data-wp-class--hide=\"state.isContentHidden\" data-wp-class--show=\"state.isContentVisible\" data-wp-init=\"callbacks.setButtonStyles\" data-wp-on--click=\"actions.showLightbox\" data-wp-on--load=\"callbacks.setButtonStyles\" data-wp-on-window--resize=\"callbacks.setButtonStyles\" data-id=\"1297\" src=\"https:\/\/sp4thk.elfro.pl\/wp-content\/uploads\/2025\/11\/LogBook2-1024x546.png\" alt=\"\" class=\"wp-image-1297\" srcset=\"https:\/\/sp4thk.elfro.pl\/wp-content\/uploads\/2025\/11\/LogBook2-1024x546.png 1024w, https:\/\/sp4thk.elfro.pl\/wp-content\/uploads\/2025\/11\/LogBook2-300x160.png 300w, https:\/\/sp4thk.elfro.pl\/wp-content\/uploads\/2025\/11\/LogBook2-768x409.png 768w, https:\/\/sp4thk.elfro.pl\/wp-content\/uploads\/2025\/11\/LogBook2.png 1253w\" sizes=\"auto, (max-width: 1024px) 100vw, 1024px\" \/><button\n\t\t\tclass=\"lightbox-trigger\"\n\t\t\ttype=\"button\"\n\t\t\taria-haspopup=\"dialog\"\n\t\t\taria-label=\"Powi\u0119ksz\"\n\t\t\tdata-wp-init=\"callbacks.initTriggerButton\"\n\t\t\tdata-wp-on--click=\"actions.showLightbox\"\n\t\t\tdata-wp-style--right=\"state.imageButtonRight\"\n\t\t\tdata-wp-style--top=\"state.imageButtonTop\"\n\t\t>\n\t\t\t<svg xmlns=\"http:\/\/www.w3.org\/2000\/svg\" width=\"12\" height=\"12\" fill=\"none\" viewBox=\"0 0 12 12\">\n\t\t\t\t<path fill=\"#fff\" d=\"M2 0a2 2 0 0 0-2 2v2h1.5V2a.5.5 0 0 1 .5-.5h2V0H2Zm2 10.5H2a.5.5 0 0 1-.5-.5V8H0v2a2 2 0 0 0 2 2h2v-1.5ZM8 12v-1.5h2a.5.5 0 0 0 .5-.5V8H12v2a2 2 0 0 1-2 2H8Zm2-12a2 2 0 0 1 2 2v2h-1.5V2a.5.5 0 0 0-.5-.5H8V0h2Z\" \/>\n\t\t\t<\/svg>\n\t\t<\/button><\/figure>\n<\/figure>\n\n\n\n<p><\/p>\n","protected":false},"excerpt":{"rendered":"<p>Programu nie trzeba instalowa\u0107 wystarczy go pobra\u0107 z dzia\u0142u Download rozpakowa\u0107 i uruchomi\u0107. Mo\u017cna go tak\u017ce przenosi\u0107 na inny sprz\u0119t np. na pendrive wraz z ca\u0142\u0105 konfiguracj\u0105 logami itd. Kopie zapasowe te\u017c nie stanowi\u0105 problemu. Mo\u017cna tak\u017ce u\u017cy\u0107 wygodnego instalatora dost\u0119pnego w dziale download. W tym samym dziale opisane s\u0105 te\u017c dodatkowe informacje i zalecenia [&hellip;]<\/p>\n","protected":false},"author":1,"featured_media":0,"parent":0,"menu_order":0,"comment_status":"closed","ping_status":"closed","template":"","meta":{"footnotes":""},"class_list":["post-46","page","type-page","status-publish","hentry"],"_links":{"self":[{"href":"https:\/\/sp4thk.elfro.pl\/index.php\/wp-json\/wp\/v2\/pages\/46","targetHints":{"allow":["GET"]}}],"collection":[{"href":"https:\/\/sp4thk.elfro.pl\/index.php\/wp-json\/wp\/v2\/pages"}],"about":[{"href":"https:\/\/sp4thk.elfro.pl\/index.php\/wp-json\/wp\/v2\/types\/page"}],"author":[{"embeddable":true,"href":"https:\/\/sp4thk.elfro.pl\/index.php\/wp-json\/wp\/v2\/users\/1"}],"replies":[{"embeddable":true,"href":"https:\/\/sp4thk.elfro.pl\/index.php\/wp-json\/wp\/v2\/comments?post=46"}],"version-history":[{"count":35,"href":"https:\/\/sp4thk.elfro.pl\/index.php\/wp-json\/wp\/v2\/pages\/46\/revisions"}],"predecessor-version":[{"id":1625,"href":"https:\/\/sp4thk.elfro.pl\/index.php\/wp-json\/wp\/v2\/pages\/46\/revisions\/1625"}],"wp:attachment":[{"href":"https:\/\/sp4thk.elfro.pl\/index.php\/wp-json\/wp\/v2\/media?parent=46"}],"curies":[{"name":"wp","href":"https:\/\/api.w.org\/{rel}","templated":true}]}}