{"id":513,"date":"2024-03-20T17:33:46","date_gmt":"2024-03-20T16:33:46","guid":{"rendered":"https:\/\/sp4thk.elfro.pl\/?page_id=513"},"modified":"2025-11-26T16:41:03","modified_gmt":"2025-11-26T15:41:03","slug":"buy-coffe","status":"publish","type":"page","link":"https:\/\/sp4thk.elfro.pl\/index.php\/en\/buy-coffe\/","title":{"rendered":"Buy coffe"},"content":{"rendered":"\n<div class=\"wp-block-media-text is-stacked-on-mobile\" style=\"grid-template-columns:15% auto\"><figure class=\"wp-block-media-text__media\"><img loading=\"lazy\" decoding=\"async\" width=\"80\" height=\"80\" src=\"https:\/\/sp4thk.elfro.pl\/wp-content\/uploads\/2024\/03\/Symbol_Information.png\" alt=\"\" class=\"wp-image-63 size-full\"\/><\/figure><div class=\"wp-block-media-text__content\">\n<p>The program is free, but its creation, website maintenance, updates, etc. take a lot of time and generate costs.<\/p>\n\n\n\n<p><\/p>\n<\/div><\/div>\n\n\n\n<p>Czy podoba Ci si\u0119 ten program?<br>Chcesz pom\u00f3c mi go dalej rozwija\u0107?<br>Mo\u017ce zechcia\u0142by\u015b postawi\u0107 mi kaw\u0119?<br><a href=\"https:\/\/buycoffee.to\/elfro\">https:\/\/buycoffee.to\/elfro<\/a><\/p>\n\n\n\n<hr class=\"wp-block-separator has-alpha-channel-opacity\"\/>\n\n\n\n<p>Do you like this program?<br>Want to help me develop it further?<br>Maybe you\u2019d like to buy me a coffee?<br><a href=\"https:\/\/www.buymeacoffee.com\/elfro\">https:\/\/www.buymeacoffee.com\/elfro<\/a><\/p>\n\n\n\n<div style=\"height:61px\" aria-hidden=\"true\" class=\"wp-block-spacer\"><\/div>\n\n\n\n<hr class=\"wp-block-separator has-alpha-channel-opacity\"\/>\n\n\n\n<p class=\"has-text-align-center\">The website operates thanks to ELFRO. <a href=\"https:\/\/elfro.pl\" data-type=\"link\" data-id=\"https:\/\/elfro.pl\">https:\/\/elfro.pl<\/a><\/p>\n\n\n<div class=\"wp-block-image\">\n<figure class=\"aligncenter size-full\"><img loading=\"lazy\" decoding=\"async\" width=\"200\" height=\"171\" src=\"https:\/\/sp4thk.elfro.pl\/wp-content\/uploads\/2024\/03\/200-by-elfro.gif\" alt=\"\" class=\"wp-image-472\"\/><\/figure>\n<\/div>\n\n\n<hr class=\"wp-block-separator has-alpha-channel-opacity\"\/>\n","protected":false},"excerpt":{"rendered":"<p>The program is free, but its creation, website maintenance, updates, etc. take a lot of time and generate costs. Czy podoba Ci si\u0119 ten program?Chcesz pom\u00f3c mi go dalej rozwija\u0107?Mo\u017ce zechcia\u0142by\u015b postawi\u0107 mi kaw\u0119?https:\/\/buycoffee.to\/elfro Do you like this program?Want to help me develop it further?Maybe you\u2019d like to buy me a coffee?https:\/\/www.buymeacoffee.com\/elfro The website operates [&hellip;]<\/p>\n","protected":false},"author":1,"featured_media":0,"parent":0,"menu_order":0,"comment_status":"closed","ping_status":"closed","template":"","meta":{"footnotes":""},"class_list":["post-513","page","type-page","status-publish","hentry"],"_links":{"self":[{"href":"https:\/\/sp4thk.elfro.pl\/index.php\/wp-json\/wp\/v2\/pages\/513","targetHints":{"allow":["GET"]}}],"collection":[{"href":"https:\/\/sp4thk.elfro.pl\/index.php\/wp-json\/wp\/v2\/pages"}],"about":[{"href":"https:\/\/sp4thk.elfro.pl\/index.php\/wp-json\/wp\/v2\/types\/page"}],"author":[{"embeddable":true,"href":"https:\/\/sp4thk.elfro.pl\/index.php\/wp-json\/wp\/v2\/users\/1"}],"replies":[{"embeddable":true,"href":"https:\/\/sp4thk.elfro.pl\/index.php\/wp-json\/wp\/v2\/comments?post=513"}],"version-history":[{"count":3,"href":"https:\/\/sp4thk.elfro.pl\/index.php\/wp-json\/wp\/v2\/pages\/513\/revisions"}],"predecessor-version":[{"id":1496,"href":"https:\/\/sp4thk.elfro.pl\/index.php\/wp-json\/wp\/v2\/pages\/513\/revisions\/1496"}],"wp:attachment":[{"href":"https:\/\/sp4thk.elfro.pl\/index.php\/wp-json\/wp\/v2\/media?parent=513"}],"curies":[{"name":"wp","href":"https:\/\/api.w.org\/{rel}","templated":true}]}}