{"id":58,"date":"2024-03-12T08:27:51","date_gmt":"2024-03-12T07:27:51","guid":{"rendered":"https:\/\/sp4thk.elfro.pl\/?page_id=58"},"modified":"2026-01-31T00:13:13","modified_gmt":"2026-01-30T23:13:13","slug":"kontakt","status":"publish","type":"page","link":"https:\/\/sp4thk.elfro.pl\/index.php\/kontakt\/","title":{"rendered":"Kontakt"},"content":{"rendered":"\n<h2 class=\"wp-block-heading\"><strong>Formularz kontaktowy:<\/strong><\/h2>\n\n\n\n<div class=\"wpcf7 no-js\" id=\"wpcf7-f1934-o1\" lang=\"pl-PL\" dir=\"ltr\" data-wpcf7-id=\"1934\">\n<div class=\"screen-reader-response\"><p role=\"status\" aria-live=\"polite\" aria-atomic=\"true\"><\/p> <ul><\/ul><\/div>\n<form action=\"\/index.php\/wp-json\/wp\/v2\/pages\/58#wpcf7-f1934-o1\" method=\"post\" class=\"wpcf7-form init\" aria-label=\"Formularz kontaktowy\" enctype=\"multipart\/form-data\" novalidate=\"novalidate\" data-status=\"init\">\n<fieldset class=\"hidden-fields-container\"><input type=\"hidden\" name=\"_wpcf7\" value=\"1934\" \/><input type=\"hidden\" name=\"_wpcf7_version\" value=\"6.1.5\" \/><input type=\"hidden\" name=\"_wpcf7_locale\" value=\"pl_PL\" \/><input type=\"hidden\" name=\"_wpcf7_unit_tag\" value=\"wpcf7-f1934-o1\" \/><input type=\"hidden\" name=\"_wpcf7_container_post\" value=\"0\" \/><input type=\"hidden\" name=\"_wpcf7_posted_data_hash\" value=\"\" \/>\n<\/fieldset>\n<p><label> Twoje imi\u0119 lub znak<br \/>\n<span class=\"wpcf7-form-control-wrap\" data-name=\"your-name\"><input size=\"40\" maxlength=\"400\" class=\"wpcf7-form-control wpcf7-text wpcf7-validates-as-required\" autocomplete=\"name\" aria-required=\"true\" aria-invalid=\"false\" value=\"\" type=\"text\" name=\"your-name\" \/><\/span> <\/label><br \/>\n<span id=\"wpcf7-69db7f5b7d07e-wrapper\" class=\"wpcf7-form-control-wrap nick-wrap\" style=\"display:none !important; visibility:hidden !important;\"><input type=\"hidden\" name=\"nick-time-start\" value=\"1775992667\"><input type=\"hidden\" name=\"nick-time-check\" value=\"5\"><label for=\"wpcf7-69db7f5b7d07e-field\" class=\"hp-message\">Please leave this field empty.<\/label><input id=\"wpcf7-69db7f5b7d07e-field\"  class=\"wpcf7-form-control wpcf7-text\" type=\"text\" name=\"nick\" value=\"\" size=\"40\" tabindex=\"-1\" autocomplete=\"new-password\" \/><\/span><br \/>\n<label> Tw\u00f3j adres e-mail<br \/>\n<span class=\"wpcf7-form-control-wrap\" data-name=\"your-email\"><input size=\"40\" maxlength=\"400\" class=\"wpcf7-form-control wpcf7-email wpcf7-validates-as-required wpcf7-text wpcf7-validates-as-email\" autocomplete=\"email\" aria-required=\"true\" aria-invalid=\"false\" value=\"\" type=\"email\" name=\"your-email\" \/><\/span> <\/label>\n<\/p>\n<p><label> Temat<br \/>\n<span class=\"wpcf7-form-control-wrap\" data-name=\"your-subject\"><input size=\"40\" maxlength=\"400\" class=\"wpcf7-form-control wpcf7-text wpcf7-validates-as-required\" aria-required=\"true\" aria-invalid=\"false\" value=\"\" type=\"text\" name=\"your-subject\" \/><\/span> <\/label>\n<\/p>\n<p><label> Twoja wiadomo\u015bci (opcjonalne)<br \/>\n<span class=\"wpcf7-form-control-wrap\" data-name=\"your-message\"><textarea cols=\"40\" rows=\"10\" maxlength=\"2000\" class=\"wpcf7-form-control wpcf7-textarea\" aria-invalid=\"false\" name=\"your-message\"><\/textarea><\/span> <\/label>\n<\/p>\n<p><label> Do\u0142\u0105cz plik z logami (opcjonalne. max 5MB)<br \/>\n<span class=\"wpcf7-form-control-wrap\" data-name=\"file-263\"><input size=\"40\" class=\"wpcf7-form-control wpcf7-file\" accept=\"text\/plain,application\/zip,image\/*\" aria-invalid=\"false\" type=\"file\" name=\"file-263\" \/><\/span> <\/label>\n<\/p>\n<p><span class=\"wpcf7-form-control-wrap\" data-name=\"zgoda\"><span class=\"wpcf7-form-control wpcf7-acceptance\"><span class=\"wpcf7-list-item\"><label><input type=\"checkbox\" name=\"zgoda\" value=\"1\" aria-invalid=\"false\" \/><span class=\"wpcf7-list-item-label\">Zapozna\u0142em\/am si\u0119 z informacj\u0105 o zasadach kontaktu i akceptuj\u0119 warunki.<\/span><\/label><\/span><\/span><\/span>\n<\/p>\n<p><input class=\"wpcf7-form-control wpcf7-submit has-spinner a100\" type=\"submit\" value=\"Wy\u015blij\" \/>\n<\/p><div class=\"wpcf7-response-output\" aria-hidden=\"true\"><\/div>\n<\/form>\n<\/div>\n\n\n\n\n<p><strong>Dane podane w formularzu s\u0105 przetwarzane wy\u0142\u0105cznie w celu udzielenia odpowiedzi na zg\u0142oszenie.<\/strong><\/p>\n\n\n\n<p><strong>Uwaga:<\/strong><br>Formularz s\u0142u\u017cy wy\u0142\u0105cznie do kontaktu w sprawach zwi\u0105zanych z dzia\u0142aniem programu Rig And Log.<\/p>\n\n\n\n<p>Je\u017celi zg\u0142aszasz b\u0142\u0105d lub niew\u0142a\u015bciwe dzia\u0142anie programu do\u0142\u0105cz spakowane logi &#8211; folder LOGS w programie. Sprawd\u017a czy spakowany plik nie jest zbyt du\u017cy (5MB) !!!<\/p>\n\n\n\n<p>Dane podane w formularzu s\u0105 przetwarzane wy\u0142\u0105cznie w celu udzielenia odpowiedzi na zg\u0142oszenie.<\/p>\n\n\n\n<p style=\"font-size:26px\"><strong>\u26a0\ufe0fUwaga:<\/strong><\/p>\n\n\n\n<p>Formularz s\u0142u\u017cy wy\u0142\u0105cznie do kontaktu w sprawach zwi\u0105zanych z dzia\u0142aniem programu Rig And Log.<\/p>\n\n\n\n<p>Nie \u015bwiadcz\u0119:<br>\u2013 pomocy w konfiguracji systemu Windows<br>\u2013 pomocy w konfiguracji kont e-mail i serwer\u00f3w SMTP<br>\u2013 indywidualnego wsparcia IT<br>\u2013 konfiguracji i obs\u0142ugi serwis\u00f3w zewn\u0119trznych (m.in. QRZ, LoTW, HRD Log, Club Log)<\/p>\n\n\n\n<p>Integracje z serwisami zewn\u0119trznymi wymagaj\u0105 poprawnych danych po stronie u\u017cytkownika i mog\u0105 wymaga\u0107 aktywnych kont lub p\u0142atnych subskrypcji.<br>Nie mam wp\u0142ywu na dzia\u0142anie, dost\u0119pno\u015b\u0107 ani zasady tych serwis\u00f3w.<\/p>\n\n\n\n<p>Postaram si\u0119 odpowiedzie\u0107 na zg\u0142oszenie i pom\u00f3c w miar\u0119 mo\u017cliwo\u015bci, jednak nie gwarantuj\u0119 rozwi\u0105zania ka\u017cdego problemu ani okre\u015blonego czasu odpowiedzi.<\/p>\n\n\n\n<p>Zg\u0142oszenia niezwi\u0105zane bezpo\u015brednio z programem Rig And Log mog\u0105 nie zosta\u0107 rozpatrzone.<\/p>\n","protected":false},"excerpt":{"rendered":"<p>Formularz kontaktowy: Dane podane w formularzu s\u0105 przetwarzane wy\u0142\u0105cznie w celu udzielenia odpowiedzi na zg\u0142oszenie. Uwaga:Formularz s\u0142u\u017cy wy\u0142\u0105cznie do kontaktu w sprawach zwi\u0105zanych z dzia\u0142aniem programu Rig And Log. Je\u017celi zg\u0142aszasz b\u0142\u0105d lub niew\u0142a\u015bciwe dzia\u0142anie programu do\u0142\u0105cz spakowane logi &#8211; folder LOGS w programie. Sprawd\u017a czy spakowany plik nie jest zbyt du\u017cy (5MB) !!! Dane [&hellip;]<\/p>\n","protected":false},"author":1,"featured_media":0,"parent":0,"menu_order":0,"comment_status":"closed","ping_status":"closed","template":"","meta":{"footnotes":""},"class_list":["post-58","page","type-page","status-publish","hentry"],"_links":{"self":[{"href":"https:\/\/sp4thk.elfro.pl\/index.php\/wp-json\/wp\/v2\/pages\/58","targetHints":{"allow":["GET"]}}],"collection":[{"href":"https:\/\/sp4thk.elfro.pl\/index.php\/wp-json\/wp\/v2\/pages"}],"about":[{"href":"https:\/\/sp4thk.elfro.pl\/index.php\/wp-json\/wp\/v2\/types\/page"}],"author":[{"embeddable":true,"href":"https:\/\/sp4thk.elfro.pl\/index.php\/wp-json\/wp\/v2\/users\/1"}],"replies":[{"embeddable":true,"href":"https:\/\/sp4thk.elfro.pl\/index.php\/wp-json\/wp\/v2\/comments?post=58"}],"version-history":[{"count":14,"href":"https:\/\/sp4thk.elfro.pl\/index.php\/wp-json\/wp\/v2\/pages\/58\/revisions"}],"predecessor-version":[{"id":2017,"href":"https:\/\/sp4thk.elfro.pl\/index.php\/wp-json\/wp\/v2\/pages\/58\/revisions\/2017"}],"wp:attachment":[{"href":"https:\/\/sp4thk.elfro.pl\/index.php\/wp-json\/wp\/v2\/media?parent=58"}],"curies":[{"name":"wp","href":"https:\/\/api.w.org\/{rel}","templated":true}]}}