{"id":803,"date":"2024-03-28T19:42:23","date_gmt":"2024-03-28T18:42:23","guid":{"rendered":"https:\/\/sp4thk.elfro.pl\/?page_id=803"},"modified":"2026-03-08T07:21:19","modified_gmt":"2026-03-08T06:21:19","slug":"download-2","status":"publish","type":"page","link":"https:\/\/sp4thk.elfro.pl\/index.php\/download-2\/","title":{"rendered":"Download"},"content":{"rendered":"\n<p class=\"has-medium-font-size\" id=\"ChangeLog\"><strong>Pobierz najnowsz\u0105 wersj\u0119 programu 0.6.1.2 :<\/strong><\/p>\n\n\n\n<h2 class=\"wp-block-heading\">Installer (wersja zalecana):<\/h2>\n\n\n\n<figure class=\"wp-block-table is-style-stripes  noBorderBottom\"><table class=\"has-white-background-color has-background\"><thead><tr><th class=\"has-text-align-center\" data-align=\"center\">Plik<\/th><th class=\"has-text-align-left\" data-align=\"left\">Nazwa<\/th><th class=\"has-text-align-left\" data-align=\"left\">Wariant<\/th><th class=\"has-text-align-left\" data-align=\"left\">Rozmiar<\/th><\/tr><\/thead><tbody><tr><td class=\"has-text-align-center\" data-align=\"center\"><img loading=\"lazy\" decoding=\"async\" width=\"30\" height=\"29\" class=\"wp-image-2159\" style=\"width: 30px;\" src=\"https:\/\/sp4thk.elfro.pl\/wp-content\/uploads\/2026\/02\/downloadSmall-5.png\" alt=\"\"><\/td><td class=\"has-text-align-left\" data-align=\"left\"><a href=\"https:\/\/sp4thk.elfro.pl\/download\/RigAndLogInstaller.exe\" \r\n            class=\"ral-download\"\r\n            download\r\n            rel=\"noopener\"\r\n            onclick=\"navigator.sendBeacon('https:\/\/sp4thk.elfro.pl\/wp-admin\/admin-ajax.php?action=rigandlog_count');\">RigAndLogInstaller.exe<\/a><\/td><td class=\"has-text-align-left\" data-align=\"left\">instalator online<\/td><td class=\"has-text-align-left\" data-align=\"left\">ok 10 MB<\/td><\/tr><\/tbody><\/table><\/figure>\n\n\n\n<p class=\"has-text-align-right\">Program pobrano <strong>1&nbsp;481<\/strong> razy.<\/p>\n\n\n\n<p>Przed pobraniem przeczytaj <strong><a href=\"https:\/\/sp4thk.elfro.pl\/#Install\">opis Instalacji<\/a><\/strong><\/p>\n\n\n\n<p>Program mo\u017cna uruchamia\u0107 tak\u017ce w Linuksie zobacz: <a href=\"https:\/\/sp4thk.elfro.pl\/index.php\/konfiguracja-w-linuksie\/\" data-type=\"page\" data-id=\"1177\">Opis instalacji i konfiguracji w Linuksie<\/a><\/p>\n\n\n\n<p id=\"ChangeLog\"><strong>Lista zmian:<\/strong><\/p>\n\n\n\n<ul class=\"wp-block-list\">\n<li>W zwi\u0105zku z zasadami bezpiecze\u0144stwa systemu Windows <strong>mechanizm automatycznych aktualizacji jest ograniczony i wymaga r\u0119cznej interakcji u\u017cytkownika.<\/strong><\/li>\n\n\n\n<li>Dodano <strong>USB Hub<\/strong> do zarz\u0105dzania wieloma programami w WSJTX\/JTDX patrz <a href=\"https:\/\/sp4thk.elfro.pl\/index.php\/logbook\/klastry-telnet\/#udpHub\">szczeg\u00f3\u0142y<\/a><\/li>\n\n\n\n<li>Poprawiono obs\u0142ug\u0119 darmowych kont QRZ. patrz: <a href=\"https:\/\/sp4thk.elfro.pl\/index.php\/logbook\/logi-do-qrz-i-qsl-emailem\/\" data-type=\"link\" data-id=\"https:\/\/sp4thk.elfro.pl\/index.php\/logbook\/logi-do-qrz-i-qsl-emailem\/\">opis QRZ<\/a><\/li>\n\n\n\n<li>Dodano obs\u0142ug\u0119 <strong>HRDLog<\/strong> i <strong>ClubLog<\/strong> <\/li>\n\n\n\n<li>Poprawiono i uproszczono funkcje wysy\u0142ania QSO do serws\u00f3w zewn\u0119trznych (QRZ,LotW itd) <\/li>\n\n\n\n<li>Porawki wygl\u0105du interfejsu . G\u0105szcz opcji nie powinien ju\u017c przyt\u0142acza\u0107.<\/li>\n\n\n\n<li>Usprawniono wsp\u00f3\u0142prac\u0119 z WSJTX\/JTDX<\/li>\n\n\n\n<li>Poprawiono eksport (mo\u017cna wybiera\u0107 format nazwy pliku adi)<\/li>\n\n\n\n<li>Porawiono edytor QSL &#8211; podczas otwierania mo\u017cna zobaczy\u0107 miniatury kart.<\/li>\n\n\n\n<li>Poprawiono obs\u0142ug\u0119 niekt\u00f3rych TRX w Omnirig <br>(trzeba do omnirig dogra\u0107 pliki ini do\u0142\u0105czone w pliku zip (folder OMNIRIG))<\/li>\n\n\n\n<li>Dodano obs\u0142ug\u0119 bibliotek <a href=\"https:\/\/sp4thk.elfro.pl\/index.php\/rig\/#Hamlib\"><strong>HAMLIB<\/strong><\/a><\/li>\n\n\n\n<li>Poprawiono uruchamianie w Linuksie poprzez Wine <\/li>\n\n\n\n<li>Linux i Windows 7 maj\u0105 poprawion\u0105 obs\u0142ug\u0119 map<\/li>\n\n\n\n<li>oraz szereg drobnych usprawnie\u0144<\/li>\n<\/ul>\n\n\n\n<p><strong>Ze wzgl\u0119du na szereg poprawek i nowych modu\u0142\u00f3w przed instalacj\u0105 zaleca si\u0119 wykonanie kopii programu !!!<\/strong><\/p>\n\n\n\n<p>Program zajmuje na dysku oko\u0142o 30 MB plus p\u00f3\u017aniejsze dane np QSO, czy logi.<\/p>\n\n\n\n<p>Minimalne wymagania programu Windows 7, .NET 4.7.2 Minimalna rozdzielczo\u015b\u0107 1280&#215;720 ale zaleca si\u0119 Full HD 1980&#215;1080 i w g\u00f3r\u0119.<\/p>\n\n\n\n<hr class=\"wp-block-separator has-alpha-channel-opacity\"\/>\n\n\n\n<p><strong>Wersja przeno\u015bna\/Linux (spakowany ZIP) \u2013 dla zaawansowanych u\u017cytkownik\u00f3w.<\/strong><\/p>\n\n\n\n<figure class=\"wp-block-table is-style-stripes noBorderBottom\"><table class=\"has-white-background-color has-background\"><thead><tr><th class=\"has-text-align-center\" data-align=\"center\">Plik<\/th><th class=\"has-text-align-left\" data-align=\"left\">Nazwa<\/th><th class=\"has-text-align-left\" data-align=\"left\">Wariant<\/th><th class=\"has-text-align-left\" data-align=\"left\">Rozmiar<\/th><\/tr><\/thead><tbody><tr><td class=\"has-text-align-center\" data-align=\"center\"><img loading=\"lazy\" decoding=\"async\" width=\"32\" height=\"33\" class=\"wp-image-671\" style=\"width: 32px;\" src=\"https:\/\/sp4thk.elfro.pl\/wp-content\/uploads\/2024\/03\/zip.png\" alt=\"\"><\/td><td class=\"has-text-align-left\" data-align=\"left\"><a href=\"https:\/\/sp4thk.elfro.pl\/download\/RigAndLog_Portable_x64_0.6.1.2.zip\" \r\n            class=\"ral-download\"\r\n            download\r\n            rel=\"noopener\"\r\n            onclick=\"navigator.sendBeacon('https:\/\/sp4thk.elfro.pl\/wp-admin\/admin-ajax.php?action=rigandlog_count');\">RigAndLog_Portable_x64_0.6.1.2.zip<\/a><\/td><td class=\"has-text-align-left\" data-align=\"left\">64 bit<\/td><td class=\"has-text-align-left\" data-align=\"left\">ok 10 MB<\/td><\/tr><tr><td class=\"has-text-align-center\" data-align=\"center\"><img loading=\"lazy\" decoding=\"async\" width=\"32\" height=\"33\" class=\"wp-image-671\" style=\"width: 32px;\" src=\"https:\/\/sp4thk.elfro.pl\/wp-content\/uploads\/2024\/03\/zip.png\" alt=\"\"><\/td><td class=\"has-text-align-left\" data-align=\"left\"><a href=\"https:\/\/sp4thk.elfro.pl\/download\/RigAndLog_Portable_x86_0.6.1.2.zip\" \r\n            class=\"ral-download\"\r\n            download\r\n            rel=\"noopener\"\r\n            onclick=\"navigator.sendBeacon('https:\/\/sp4thk.elfro.pl\/wp-admin\/admin-ajax.php?action=rigandlog_count');\">RigAndLog_Portable_x86_0.6.1.2.zip<\/a><\/td><td class=\"has-text-align-left\" data-align=\"left\">32 bit<\/td><td class=\"has-text-align-left\" data-align=\"left\">ok 10 MB<\/td><\/tr><\/tbody><\/table><\/figure>\n\n\n\n<p><strong>\u2139\ufe0f<\/strong> <strong>Uwaga<\/strong> System Windows mo\u017ce oznaczy\u0107 pobrany plik ZIP jako pochodz\u0105cy z Internetu.<br>Je\u015bli podczas rozpakowywania lub uruchamiania pojawi\u0105 si\u0119 komunikaty zabezpiecze\u0144, kliknij plik prawym przyciskiem myszy \u2192 W\u0142a\u015bciwo\u015bci \u2192 \u201eOdblokuj\u201d, a nast\u0119pnie rozpakuj ponownie.  <a href=\"#cleanZip\">Kliknij tutaj, aby zobaczy\u0107 szczeg\u00f3\u0142ow\u0105 instrukcj\u0119.<\/a><\/p>\n\n\n\n<p>Trwaj\u0105 prace nad uzyskaniem podpisu cyfrowego dla programu. W chwili obecnej program antywirusowy (np Defender) albo sam Windows mog\u0105 generowa\u0107 ostrze\u017cenia.<\/p>\n\n\n\n<p id=\"Install\" style=\"font-size:30px\"><strong>\u26a0\ufe0f Instalacja:<\/strong><\/p>\n\n\n\n<p>Mo\u017cna wybra\u0107 <strong>instalator online (<\/strong>RigAndLogInstaller.exe &#8211; zalecane ), kt\u00f3ry wybierze wersj\u0119 i zainstaluje program automatycznie. Instalator wymaga po\u0142\u0105czenia z internetem oraz platformy .NET 4.7.2. <br>Podczas pobierania przegl\u0105darka lub program antywirusowy mog\u0105 generowa\u0107 ostrze\u017cenia!!!<br>Jest to normalne przy programach kr\u00f3tkofalarskich. S\u0105 to darmowe projekty niepodpisane cyfrowo (podpisy s\u0105 drogie). W skali internetu s\u0105 to niszowe rozwi\u0105zania, rzadko pobierane i Windows nie zna ich reputacji &#8211; st\u0105d mo\u017cliwe ostrze\u017cenia.<\/p>\n\n\n\n<p><strong>\u26a0\ufe0f<\/strong> <strong>RigAndLog nie jest podpisany certyfikatem<\/strong>, poniewa\u017c jest projektem <strong>niekomercyjnym<\/strong>, a koszt utrzymania certyfikatu podpisu kodu by\u0142by nieproporcjonalny do charakteru i skali tego projektu.<br>Trwaj\u0105 prace nad uzyskaniem podpisu cyfrowego &#8230;.<\/p>\n\n\n\n<hr class=\"wp-block-separator has-alpha-channel-opacity\"\/>\n\n\n\n<p id=\"cleanZip\"><strong>\u26a0\ufe0f<\/strong>Po pobraniu <strong>programu<\/strong> a <strong>przed uruchomieniem<\/strong> lub rozpakowaniem dobrze jest zaznaczy\u0107, \u017ce plik nie pochodzi z Internetu.<\/p>\n\n\n\n<ul class=\"wp-block-list\">\n<li>Odszukujemy pobrany plik . <\/li>\n\n\n\n<li>Klikamy prawym klawiszem myszy. <\/li>\n\n\n\n<li>Odnajdujemy opcj\u0119 <em>W\u0142a\u015bciwo\u015bci<\/em>.<\/li>\n\n\n\n<li>Zaznaczmy <em>Odblokuj <\/em>.<\/li>\n\n\n\n<li>Klikamy w <em>Zastosuj<\/em>.<\/li>\n<\/ul>\n\n\n\n<figure data-wp-context=\"{&quot;imageId&quot;:&quot;69dbccde21568&quot;}\" data-wp-interactive=\"core\/image\" data-wp-key=\"69dbccde21568\" class=\"wp-block-image size-full wp-lightbox-container\"><img loading=\"lazy\" decoding=\"async\" width=\"1266\" height=\"682\" data-wp-class--hide=\"state.isContentHidden\" data-wp-class--show=\"state.isContentVisible\" data-wp-init=\"callbacks.setButtonStyles\" data-wp-on--click=\"actions.showLightbox\" data-wp-on--load=\"callbacks.setButtonStyles\" data-wp-on-window--resize=\"callbacks.setButtonStyles\" src=\"https:\/\/sp4thk.elfro.pl\/wp-content\/uploads\/2024\/03\/downloadedZip.png\" alt=\"\" class=\"wp-image-446\" srcset=\"https:\/\/sp4thk.elfro.pl\/wp-content\/uploads\/2024\/03\/downloadedZip.png 1266w, https:\/\/sp4thk.elfro.pl\/wp-content\/uploads\/2024\/03\/downloadedZip-300x162.png 300w, https:\/\/sp4thk.elfro.pl\/wp-content\/uploads\/2024\/03\/downloadedZip-1024x552.png 1024w, https:\/\/sp4thk.elfro.pl\/wp-content\/uploads\/2024\/03\/downloadedZip-768x414.png 768w\" sizes=\"auto, (max-width: 1266px) 100vw, 1266px\" \/><button\n\t\t\tclass=\"lightbox-trigger\"\n\t\t\ttype=\"button\"\n\t\t\taria-haspopup=\"dialog\"\n\t\t\taria-label=\"Powi\u0119ksz\"\n\t\t\tdata-wp-init=\"callbacks.initTriggerButton\"\n\t\t\tdata-wp-on--click=\"actions.showLightbox\"\n\t\t\tdata-wp-style--right=\"state.imageButtonRight\"\n\t\t\tdata-wp-style--top=\"state.imageButtonTop\"\n\t\t>\n\t\t\t<svg xmlns=\"http:\/\/www.w3.org\/2000\/svg\" width=\"12\" height=\"12\" fill=\"none\" viewBox=\"0 0 12 12\">\n\t\t\t\t<path fill=\"#fff\" d=\"M2 0a2 2 0 0 0-2 2v2h1.5V2a.5.5 0 0 1 .5-.5h2V0H2Zm2 10.5H2a.5.5 0 0 1-.5-.5V8H0v2a2 2 0 0 0 2 2h2v-1.5ZM8 12v-1.5h2a.5.5 0 0 0 .5-.5V8H12v2a2 2 0 0 1-2 2H8Zm2-12a2 2 0 0 1 2 2v2h-1.5V2a.5.5 0 0 0-.5-.5H8V0h2Z\" \/>\n\t\t\t<\/svg>\n\t\t<\/button><\/figure>\n\n\n\n<p>Potem mo\u017cemy rozpakowa\u0107 program w dowolne miejsce. Jedynym wymaganiem jest aby program mia\u0142 mo\u017cliwo\u015b\u0107 (uprawnienia) do zapisu do swojego katalogu w celu zapisywania konfiguracji.<\/p>\n\n\n\n<p>Teraz mo\u017cna go uruchomi\u0107 klikaj\u0105c w plik RigAndLog-SP4THK.exe<\/p>\n\n\n\n<p>Je\u017celi nie ma zainstalowanego .NET pojawi si\u0119 okno z pro\u015bb\u0105 o jego instalacj\u0119. Je\u017celi si\u0119 nie pojawi nale\u017cy r\u0119cznie doinstalowa\u0107 .NET 4.7.2.<\/p>\n\n\n\n<p><strong> Je\u017celi pobieramy instalator<\/strong> po jego pobraniu Windows mo\u017ce zablokowa\u0107 jego pr\u00f3b\u0119 uruchomienia. Nale\u017cy odblokowa\u0107 plik. Mo\u017cna to zrobi\u0107 jak z plikiem zip, jednak\u017ce je\u017celi go uruchomimy to pojawi\u0107 si\u0119 mo\u017ce okno:<\/p>\n\n\n\n<figure class=\"wp-block-gallery has-nested-images columns-default is-cropped wp-block-gallery-1 is-layout-flex wp-block-gallery-is-layout-flex\">\n<figure data-wp-context=\"{&quot;imageId&quot;:&quot;69dbccde21c34&quot;}\" data-wp-interactive=\"core\/image\" data-wp-key=\"69dbccde21c34\" class=\"wp-block-image size-full wp-lightbox-container\"><img loading=\"lazy\" decoding=\"async\" width=\"667\" height=\"624\" data-wp-class--hide=\"state.isContentHidden\" data-wp-class--show=\"state.isContentVisible\" data-wp-init=\"callbacks.setButtonStyles\" data-wp-on--click=\"actions.showLightbox\" data-wp-on--load=\"callbacks.setButtonStyles\" data-wp-on-window--resize=\"callbacks.setButtonStyles\" data-id=\"953\" src=\"https:\/\/sp4thk.elfro.pl\/wp-content\/uploads\/2024\/04\/runProgram1.png\" alt=\"\" class=\"wp-image-953\" srcset=\"https:\/\/sp4thk.elfro.pl\/wp-content\/uploads\/2024\/04\/runProgram1.png 667w, https:\/\/sp4thk.elfro.pl\/wp-content\/uploads\/2024\/04\/runProgram1-300x281.png 300w\" sizes=\"auto, (max-width: 667px) 100vw, 667px\" \/><button\n\t\t\tclass=\"lightbox-trigger\"\n\t\t\ttype=\"button\"\n\t\t\taria-haspopup=\"dialog\"\n\t\t\taria-label=\"Powi\u0119ksz\"\n\t\t\tdata-wp-init=\"callbacks.initTriggerButton\"\n\t\t\tdata-wp-on--click=\"actions.showLightbox\"\n\t\t\tdata-wp-style--right=\"state.imageButtonRight\"\n\t\t\tdata-wp-style--top=\"state.imageButtonTop\"\n\t\t>\n\t\t\t<svg xmlns=\"http:\/\/www.w3.org\/2000\/svg\" width=\"12\" height=\"12\" fill=\"none\" viewBox=\"0 0 12 12\">\n\t\t\t\t<path fill=\"#fff\" d=\"M2 0a2 2 0 0 0-2 2v2h1.5V2a.5.5 0 0 1 .5-.5h2V0H2Zm2 10.5H2a.5.5 0 0 1-.5-.5V8H0v2a2 2 0 0 0 2 2h2v-1.5ZM8 12v-1.5h2a.5.5 0 0 0 .5-.5V8H12v2a2 2 0 0 1-2 2H8Zm2-12a2 2 0 0 1 2 2v2h-1.5V2a.5.5 0 0 0-.5-.5H8V0h2Z\" \/>\n\t\t\t<\/svg>\n\t\t<\/button><\/figure>\n\n\n\n<figure class=\"wp-block-image size-full\"><img loading=\"lazy\" decoding=\"async\" width=\"667\" height=\"624\" data-id=\"954\" src=\"https:\/\/sp4thk.elfro.pl\/wp-content\/uploads\/2024\/04\/runProgram2.png\" alt=\"\" class=\"wp-image-954\" srcset=\"https:\/\/sp4thk.elfro.pl\/wp-content\/uploads\/2024\/04\/runProgram2.png 667w, https:\/\/sp4thk.elfro.pl\/wp-content\/uploads\/2024\/04\/runProgram2-300x281.png 300w\" sizes=\"auto, (max-width: 667px) 100vw, 667px\" \/><\/figure>\n<\/figure>\n\n\n\n<hr class=\"wp-block-separator has-alpha-channel-opacity\"\/>\n\n\n\n<h3 class=\"wp-block-heading\">\ud83d\udee0\ufe0f Windows 11 \u2013 blokada uruchomienia RigAndLog (Inteligentna kontrola aplikacji)<\/h3>\n\n\n\n<p>W niekt\u00f3rych instalacjach <strong>Windows 11<\/strong> system mo\u017ce zablokowa\u0107 uruchomienie <strong>RigAndLog<\/strong>, wy\u015bwietlaj\u0105c komunikat o ochronie aplikacji:<\/p>\n\n\n<div class=\"wp-block-image\">\n<figure class=\"aligncenter size-full\"><img loading=\"lazy\" decoding=\"async\" width=\"532\" height=\"382\" src=\"https:\/\/sp4thk.elfro.pl\/wp-content\/uploads\/2026\/01\/smartLock-1.png\" alt=\"\" class=\"wp-image-1983\" srcset=\"https:\/\/sp4thk.elfro.pl\/wp-content\/uploads\/2026\/01\/smartLock-1.png 532w, https:\/\/sp4thk.elfro.pl\/wp-content\/uploads\/2026\/01\/smartLock-1-300x215.png 300w, https:\/\/sp4thk.elfro.pl\/wp-content\/uploads\/2026\/01\/smartLock-1-200x144.png 200w\" sizes=\"auto, (max-width: 532px) 100vw, 532px\" \/><\/figure>\n<\/div>\n\n\n<p><br>Jest to spowodowane dzia\u0142aniem funkcji <strong>Inteligentna kontrola aplikacji<\/strong>.<\/p>\n\n\n\n<h3 class=\"wp-block-heading\">\u2705 Jak uruchomi\u0107 RigAndLog \u2013 krok po kroku<\/h3>\n\n\n\n<p>1\ufe0f\u20e3<strong> Otw\u00f3rz ustawienia zabezpiecze\u0144<\/strong><br>Ustawienia \u2192 Prywatno\u015b\u0107 i bezpiecze\u0144stwo \u2192 Zabezpieczenia Windows<\/p>\n\n\n\n<p>2\ufe0f\u20e3<strong> Wejd\u017a w kontrol\u0119 aplikacji<\/strong><br>Wybierz <strong>Kontrola aplikacji i przegl\u0105darki<\/strong><\/p>\n\n\n\n<p>3\ufe0f\u20e3 <strong>Wy\u0142\u0105cz \u201eInteligentn\u0105 kontrol\u0119 aplikacji\u201d<\/strong><br>Kliknij <strong>Inteligentna kontrola aplikacji<\/strong> i ustaw j\u0105 na <strong>Wy\u0142\u0105czone<\/strong><\/p>\n\n\n\n<p>4\ufe0f\u20e3<strong> Uruchom ponownie RigAndLog<\/strong><br>Po wy\u0142\u0105czeniu tej opcji program uruchomi si\u0119 normalnie.<\/p>\n\n\n\n<p>\u2139\ufe0f<strong> Wa\u017cne informacje<\/strong><\/p>\n\n\n\n<ul class=\"wp-block-list\">\n<li>System <strong>nadal jest chroniony<\/strong> przez <strong>Windows Defender<\/strong> i <strong>SmartScreen<\/strong><\/li>\n\n\n\n<li>Zmienia si\u0119 tylko to, \u017ce decyzja o uruchamianiu mniej popularnych aplikacji nale\u017cy do u\u017cytkownika<\/li>\n\n\n\n<li>Wiele program\u00f3w kr\u00f3tkofalarskich <strong>nie posiada podpisu cyfrowego<\/strong> \u2013 to normalne<\/li>\n<\/ul>\n\n\n\n<p>\u26a0\ufe0f <strong>Uwaga:<\/strong> po wy\u0142\u0105czeniu tej funkcji <strong>nie mo\u017cna jej ponownie w\u0142\u0105czy\u0107<\/strong> bez reinstalacji Windows.<\/p>\n\n\n\n<p>\ud83d\udd0e <strong>Dlaczego Windows to blokuje?<\/strong><br>Inteligentna kontrola aplikacji blokuje nowe lub niszowe programy bez podpisu cyfrowego.<br>Nie oznacza to, \u017ce aplikacja jest niebezpieczna \u2014 jedynie, \u017ce jest <strong>ma\u0142o znana systemowi<\/strong>.<\/p>\n\n\n\n<p><strong>Zg\u0142oszenie aplikacji do Microsoftu nie powoduje jej trwa\u0142ego odblokowania.<\/strong><br>W przypadku program\u00f3w niepodpisanych cyfrowo system mo\u017ce blokowa\u0107 <strong>ka\u017cde uruchomienie aplikacji<\/strong>, niezale\u017cnie od jej wersji.<\/p>\n\n\n\n<p><strong>\u26a0\ufe0fRigAndLog nie jest podpisany certyfikatem<\/strong>, poniewa\u017c jest projektem <strong>niekomercyjnym<\/strong>, a koszt utrzymania certyfikatu podpisu kodu by\u0142by nieproporcjonalny do charakteru i skali tego projektu.<\/p>\n\n\n\n<p><\/p>\n\n\n\n<hr class=\"wp-block-separator has-alpha-channel-opacity\"\/>\n\n\n\n<hr class=\"wp-block-separator has-alpha-channel-opacity\"\/>\n\n\n\n<p style=\"font-size:30px\"><strong>\ud83d\udcfb Omnirig<\/strong><\/p>\n\n\n\n<p>Aby zapewni\u0107 pe\u0142n\u0105 funkcjonalno\u015b\u0107 mo\u017cna zainstalowa\u0107 Omnirig do pobrania st\u0105d: <a href=\"https:\/\/www.dxatlas.com\/omnirig\/\" target=\"_blank\" rel=\"noreferrer noopener\">https:\/\/www.dxatlas.com\/omnirig\/<\/a>. Nie jest to jednak wymagane je\u017celi chcemy u\u017cywa\u0107 samego LogBooka.<\/p>\n\n\n\n<p style=\"font-size:30px\"><strong>\u26a0\ufe0f Uwaga:<\/strong><\/p>\n\n\n\n<p>Je\u017celi pracujesz w splicie lub u\u017cywasz dw\u00f3ch VFO A\/B omnirig posiada b\u0142\u0119dy w sterowaniu.<\/p>\n\n\n\n<p>W folderze OMNIRIG programu zamie\u015bci\u0142em dwa przyk\u0142adowe pliki INI do wgrania w folder programu omnirig np: c:\\Program Files (x86)\\Afreet\\OmniRig\\Rigs\\ , kt\u00f3re naprawiaj\u0105 nieco t\u0105 niedogodno\u015b\u0107. Niestety nie mam mo\u017cliwo\u015bci poprawienia plik\u00f3w od wszystkich urz\u0105dze\u0144. Niestety nie dla ka\u017cdego urz\u0105dzenia jest to te\u017c wog\u00f3le wykonalne.<\/p>\n\n\n\n<hr class=\"wp-block-separator has-alpha-channel-opacity\"\/>\n\n\n\n<ul class=\"wp-block-list\">\n<li>Program jest jaki jest b\u0142\u0119dy, z\u0142e dzia\u0142anie, szkody itd. itp. &#8230; wiadomo <strong>autor nie ponosi odpowiedzialno\u015bci.<\/strong><\/li>\n\n\n\n<li>Program jest <strong>darmowy<\/strong> do dowolnego u\u017cytku, ale:<\/li>\n<\/ul>\n\n\n\n<hr class=\"wp-block-separator has-alpha-channel-opacity\"\/>\n\n\n\n<p><strong>Rozwa\u017c postawienie mi kawy<\/strong> w dziale <a href=\"https:\/\/sp4thk.elfro.pl\/index.php\/wsparcie\/\" data-type=\"page\" data-id=\"62\">Wsparcie<\/a>. <\/p>\n\n\n\n<hr class=\"wp-block-separator has-alpha-channel-opacity\"\/>\n\n\n\n<p class=\"has-medium-font-size\" id=\"adds\"><strong><a id=\"adds\">DODATKI<\/a><\/strong><\/p>\n\n\n\n<p><strong>1. Omnirig<\/strong>: <a href=\"https:\/\/www.dxatlas.com\/omnirig\/\" target=\"_blank\" rel=\"noreferrer noopener\">https:\/\/www.dxatlas.com\/omnirig\/<\/a><\/p>\n\n\n\n<p><strong>2. Hamlib<\/strong>: <a href=\"https:\/\/sourceforge.net\/projects\/hamlib\/&quot;\">https:\/\/sourceforge.net\/projects\/hamlib\/<\/a><\/p>\n\n\n\n<p><strong>3. Dodatek mapy Chromium<\/strong><\/p>\n\n\n\n<p>Je\u015bli u\u017cywasz systemu Windows 7, Linuksa lub masz niestandardow\u0105 konfiguracj\u0119 systemu, mo\u017cesz zainstalowa\u0107 dodatkowy komponent umo\u017cliwiaj\u0105cy obs\u0142ug\u0119 map.<\/p>\n\n\n\n<p>Pobierz plik ZIP i rozpakuj go bezpo\u015brednio do folderu programu.<br>Archiwum zawiera ju\u017c wszystkie wymagane foldery \u2014 nie jest potrzebna \u017cadna r\u0119czna konfiguracja.<\/p>\n\n\n\n<figure class=\"wp-block-table is-style-stripes noBorderBottom\"><table class=\"has-white-background-color has-background\"><thead><tr><th class=\"has-text-align-center\" data-align=\"center\">Plik<\/th><th class=\"has-text-align-left\" data-align=\"left\">Nazwa<\/th><th class=\"has-text-align-left\" data-align=\"left\">Wariant<\/th><th class=\"has-text-align-left\" data-align=\"left\">Rozmiar<\/th><\/tr><\/thead><tbody><tr><td class=\"has-text-align-center\" data-align=\"center\"><img loading=\"lazy\" decoding=\"async\" width=\"32\" height=\"33\" class=\"wp-image-671\" style=\"width: 32px;\" src=\"https:\/\/sp4thk.elfro.pl\/wp-content\/uploads\/2024\/03\/zip.png\" alt=\"\"><\/td><td class=\"has-text-align-left\" data-align=\"left\"><a href=\"https:\/\/sp4thk.elfro.pl\/download\/mapChromium.zip\">mapChromium.zip<\/a><\/td><td class=\"has-text-align-left\" data-align=\"left\">64\/32 bit<\/td><td class=\"has-text-align-left\" data-align=\"left\">ok 110 MB<\/td><\/tr><\/tbody><\/table><\/figure>\n\n\n\n<hr class=\"wp-block-separator has-alpha-channel-opacity\"\/>\n\n\n\n<p><\/p>\n\n\n\n<p><strong>Tomek SP4THK<\/strong><\/p>\n\n\n\n<p><\/p>\n","protected":false},"excerpt":{"rendered":"<p>Pobierz najnowsz\u0105 wersj\u0119 programu : Installer (wersja zalecana): Plik Nazwa Wariant Rozmiar instalator online ok 10 MB Program pobrano razy. Przed pobraniem przeczytaj opis Instalacji Program mo\u017cna uruchamia\u0107 tak\u017ce w Linuksie zobacz: Opis instalacji i konfiguracji w Linuksie Lista zmian: Ze wzgl\u0119du na szereg poprawek i nowych modu\u0142\u00f3w przed instalacj\u0105 zaleca si\u0119 wykonanie kopii programu [&hellip;]<\/p>\n","protected":false},"author":1,"featured_media":0,"parent":0,"menu_order":0,"comment_status":"closed","ping_status":"closed","template":"","meta":{"footnotes":""},"class_list":["post-803","page","type-page","status-publish","hentry"],"_links":{"self":[{"href":"https:\/\/sp4thk.elfro.pl\/index.php\/wp-json\/wp\/v2\/pages\/803","targetHints":{"allow":["GET"]}}],"collection":[{"href":"https:\/\/sp4thk.elfro.pl\/index.php\/wp-json\/wp\/v2\/pages"}],"about":[{"href":"https:\/\/sp4thk.elfro.pl\/index.php\/wp-json\/wp\/v2\/types\/page"}],"author":[{"embeddable":true,"href":"https:\/\/sp4thk.elfro.pl\/index.php\/wp-json\/wp\/v2\/users\/1"}],"replies":[{"embeddable":true,"href":"https:\/\/sp4thk.elfro.pl\/index.php\/wp-json\/wp\/v2\/comments?post=803"}],"version-history":[{"count":176,"href":"https:\/\/sp4thk.elfro.pl\/index.php\/wp-json\/wp\/v2\/pages\/803\/revisions"}],"predecessor-version":[{"id":2190,"href":"https:\/\/sp4thk.elfro.pl\/index.php\/wp-json\/wp\/v2\/pages\/803\/revisions\/2190"}],"wp:attachment":[{"href":"https:\/\/sp4thk.elfro.pl\/index.php\/wp-json\/wp\/v2\/media?parent=803"}],"curies":[{"name":"wp","href":"https:\/\/api.w.org\/{rel}","templated":true}]}}